{"id":10708,"date":"2026-02-03T12:15:15","date_gmt":"2026-02-03T09:15:15","guid":{"rendered":"https:\/\/baysajans.com\/revmer\/?page_id=10708"},"modified":"2026-02-15T22:32:17","modified_gmt":"2026-02-15T19:32:17","slug":"our-services","status":"publish","type":"page","link":"https:\/\/www.revmer.eu\/bg\/our-services\/","title":{"rendered":"\u041d\u0430\u0448\u0438\u0442\u0435 \u0443\u0441\u043b\u0443\u0433\u0438"},"content":{"rendered":"<div class=\"wpb-content-wrapper\"><div class=\"vc_row wpb_row vc_row-fluid\"><div class=\"wpb_column vc_column_container vc_col-sm-12\"><div class=\"vc_column-inner\"><div class=\"wpb_wrapper\"><div class=\"vc_row wpb_row vc_inner vc_row-fluid vc_row-o-equal-height vc_row-o-content-top vc_row-flex wd-rs-6981be3e4dcd5\"><div class=\"wpb_column vc_column_container vc_col-sm-6\"><div class=\"vc_column-inner\"><div class=\"wpb_wrapper\">\t\t\t<div class=\"info-box-wrapper\">\n\t\t\t\t<div id=\"wd-69921ea98023e\" class=\"wd-animation wd-transform wd-animation-left-flip-y wd-animation-normal wd-rs-69921ea98023e wd-info-box wd-wpb text-center box-icon-align-top box-style-shadow color-scheme-dark wd-bg-none vc_custom_1771183796248\">\n\t\t\t\t\t\t\t\t\t\t<div class=\"info-box-content\">\n\t\t\t\t\t\t<h4 class=\"info-box-title title wd-font-weight-900 box-title-style-default wd-fontsize-xl\">\u0422\u0423\u0420\u0411\u041e \u0420\u0415\u0412\u0418\u0417\u0418\u042f<\/h4>\t\t\t\t\t\t<div class=\"info-box-inner reset-last-child\"><\/p>\n<p style=\"text-align: left;\">\u0426\u0435\u043d\u0442\u044a\u0440\u044a\u0442 \u0437\u0430 \u043e\u0441\u043d\u043e\u0432\u0435\u043d \u0440\u0435\u043c\u043e\u043d\u0442 \u043d\u0430 \u0442\u0443\u0440\u0431\u043e\u043a\u043e\u043c\u043f\u0440\u0435\u0441\u043e\u0440\u0438 REVMER \u043f\u0440\u0435\u0434\u043b\u0430\u0433\u0430 \u0443\u0441\u043b\u0443\u0433\u0438 \u0437\u0430 \u043e\u0441\u043d\u043e\u0432\u0435\u043d \u0440\u0435\u043c\u043e\u043d\u0442 \u043d\u0430 \u0442\u0443\u0440\u0431\u043e\u043a\u043e\u043c\u043f\u0440\u0435\u0441\u043e\u0440\u0438, \u0431\u0430\u0437\u0438\u0440\u0430\u043d\u0438 \u043d\u0430 \u043f\u0440\u0438\u043d\u0446\u0438\u043f\u0438\u0442\u0435 \u043d\u0430 \u0440\u0435\u0446\u0438\u043a\u043b\u0438\u0440\u0430\u043d\u0435, \u043d\u0430\u0434\u0445\u0432\u044a\u0440\u043b\u044f\u0449\u0438 \u0442\u0440\u0430\u0434\u0438\u0446\u0438\u043e\u043d\u043d\u0438\u044f \u043f\u043e\u0434\u0445\u043e\u0434 \u0437\u0430 \u0440\u0435\u043c\u043e\u043d\u0442.<\/p>\n<p style=\"text-align: left;\">\u0426\u0435\u043b\u0438\u044f\u0442 \u043f\u0440\u043e\u0446\u0435\u0441 \u0441\u0435 \u043e\u0441\u044a\u0449\u0435\u0441\u0442\u0432\u044f\u0432\u0430 \u0447\u0440\u0435\u0437 \u043a\u043e\u043d\u0442\u0440\u043e\u043b \u043d\u0430 \u043a\u0430\u0447\u0435\u0441\u0442\u0432\u043e\u0442\u043e, \u0444\u043e\u043a\u0443\u0441\u0438\u0440\u0430\u043d \u0432\u044a\u0440\u0445\u0443 \u0438\u0437\u043c\u0435\u0440\u0432\u0430\u043d\u0438\u044f\u0442\u0430, \u043f\u0440\u0435\u0446\u0438\u0437\u043d\u043e \u0432\u044a\u0437\u0441\u0442\u0430\u043d\u043e\u0432\u044f\u0432\u0430\u043d\u0435 \u043d\u0430 \u0442\u043e\u043b\u0435\u0440\u0430\u043d\u0441\u0438\u0442\u0435, \u0430\u043d\u0430\u043b\u0438\u0437 \u043d\u0430 \u043f\u044a\u0440\u0432\u043e\u043f\u0440\u0438\u0447\u0438\u043d\u0438\u0442\u0435 \u0438 \u0442\u0435\u0441\u0442\u0432\u0430\u043d\u0435 \u043d\u0430 \u043f\u0440\u043e\u0438\u0437\u0432\u043e\u0434\u0438\u0442\u0435\u043b\u043d\u043e\u0441\u0442\u0442\u0430.<\/p>\n<p style=\"text-align: left;\"><b>\u0422\u0435\u0445\u043d\u0438\u0447\u0435\u0441\u043a\u0438 \u043e\u0431\u0445\u0432\u0430\u0442:<\/b><\/p>\n<ul style=\"text-align: left;\" type=\"disc\">\n<li>\u0430\u043d\u0430\u043b\u0438\u0437 \u043d\u0430 \u043f\u044a\u0440\u0432\u043e\u043f\u0440\u0438\u0447\u0438\u043d\u0438\u0442\u0435<\/li>\n<li>\u041f\u0440\u0435\u0446\u0438\u0437\u043d\u043e \u0438\u0437\u043c\u0435\u0440\u0432\u0430\u043d\u0435 \u0438 \u043a\u043e\u043d\u0442\u0440\u043e\u043b \u043d\u0430 \u0442\u043e\u043b\u0435\u0440\u0430\u043d\u0441\u0438\u0442\u0435.<\/li>\n<li>\u0418\u0437\u043f\u043e\u043b\u0437\u0432\u0430\u043d\u0435 \u043d\u0430 OEM \u0441\u044a\u0432\u043c\u0435\u0441\u0442\u0438\u043c\u0438 \u0447\u0430\u0441\u0442\u0438.<\/li>\n<li>\u0422\u0435\u0441\u0442\u043e\u0432\u0435 \u0437\u0430 \u0431\u0430\u043b\u0430\u043d\u0441\u0438\u0440\u0430\u043d\u0435 \u043f\u0440\u0438 \u0432\u0438\u0441\u043e\u043a\u0430 \u0441\u043a\u043e\u0440\u043e\u0441\u0442<\/li>\n<li>\u0421\u0438\u043c\u0443\u043b\u0430\u0446\u0438\u0438 \u043d\u0430 \u0440\u0435\u0430\u043b\u043d\u0438 \u0435\u043a\u0441\u043f\u043b\u043e\u0430\u0442\u0430\u0446\u0438\u043e\u043d\u043d\u0438 \u0443\u0441\u043b\u043e\u0432\u0438\u044f<\/li>\n<li>\u0422\u0435\u0441\u0442\u043e\u0432\u0435 \u0437\u0430 \u043f\u0440\u043e\u0432\u0435\u0440\u043a\u0430 \u043d\u0430 \u043f\u0440\u043e\u0438\u0437\u0432\u043e\u0434\u0438\u0442\u0435\u043b\u043d\u043e\u0441\u0442\u0442\u0430<\/li>\n<li>\u0414\u043e\u043a\u0443\u043c\u0435\u043d\u0442\u0438\u0440\u0430\u043d\u0435 \u0438 \u043e\u0442\u0447\u0438\u0442\u0430\u043d\u0435 \u043d\u0430 \u043a\u0430\u0447\u0435\u0441\u0442\u0432\u043e\u0442\u043e<\/li>\n<\/ul>\n<blockquote>\n<p><strong>\u041d\u0435 \u0435 \u0440\u0435\u0432\u0438\u0437\u0438\u044f, \u0430 \u043f\u044a\u043b\u043d\u043e \u043f\u0440\u0435\u0441\u044a\u0437\u0434\u0430\u0432\u0430\u043d\u0435.<\/strong><\/p>\n<\/blockquote>\n<p>\n<\/div>\n\n\t\t\t\t\t\t\t\t\t\t\t<\/div>\n\n\t\t\t\t\t\t\t\t\t\t\t<a class=\"wd-info-box-link wd-fill\" aria-label=\"Infobox link\" href=\"#\" title=\"\"><\/a>\n\t\t\t\t\t\n\t\t\t\t\t<style><\/style>\t\t\t\t<\/div>\n\t\t\t<\/div>\n\t\t<\/div><\/div><\/div><div class=\"wpb_column vc_column_container vc_col-sm-6\"><div class=\"vc_column-inner\"><div class=\"wpb_wrapper\">\t\t\t<div class=\"info-box-wrapper\">\n\t\t\t\t<div id=\"wd-69921f32ebee5\" class=\"wd-animation wd-transform wd-animation-left-flip-y wd-animation-normal wd-rs-69921f32ebee5 wd-info-box wd-wpb text-center box-icon-align-top box-style-shadow color-scheme-dark wd-bg-none vc_custom_1771183932883\">\n\t\t\t\t\t\t\t\t\t\t<div class=\"info-box-content\">\n\t\t\t\t\t\t<h4 class=\"info-box-title title wd-font-weight-800 box-title-style-default wd-fontsize-xl\">VS 400 \u0412\u0418\u0421\u041e\u041a\u041e\u0421\u041a\u041e\u0420\u041e\u0421\u0422\u0415\u041d \u0411\u0410\u041b\u0410\u041d\u0421<\/h4>\t\t\t\t\t\t<div class=\"info-box-inner reset-last-child\"><\/p>\n<p style=\"text-align: left;\">\u0412\u0430\u043b\u043e\u0432\u0435\u0442\u0435 \u043d\u0430 \u0442\u0443\u0440\u0431\u043e\u043a\u043e\u043c\u043f\u0440\u0435\u0441\u043e\u0440\u0438\u0442\u0435 \u0441\u0435 \u0431\u0430\u043b\u0430\u043d\u0441\u0438\u0440\u0430\u0442 \u0432\u044a\u0432 \u0432\u0438\u0441\u043e\u043a\u043e\u0441\u043a\u043e\u0440\u043e\u0441\u0442\u043d\u0438 \u0441\u0438\u0441\u0442\u0435\u043c\u0438 \u0437\u0430 \u0431\u0430\u043b\u0430\u043d\u0441\u0438\u0440\u0430\u043d\u0435 VSR 400 \u043f\u0440\u0438 \u0441\u043a\u043e\u0440\u043e\u0441\u0442\u0438, \u0441\u0438\u043c\u0443\u043b\u0438\u0440\u0430\u0449\u0438 \u0440\u0435\u0430\u043b\u043d\u0438 \u0440\u0430\u0431\u043e\u0442\u043d\u0438 \u0443\u0441\u043b\u043e\u0432\u0438\u044f.<\/p>\n<p style=\"text-align: left;\"><b>\u0422\u0435\u0445\u043d\u0438\u0447\u0435\u0441\u043a\u0438 \u043e\u0431\u0445\u0432\u0430\u0442:<\/b><\/p>\n<ul style=\"text-align: left;\" type=\"disc\">\n<li>\u041f\u0440\u0435\u0434\u0432\u0430\u0440\u0438\u0442\u0435\u043b\u043d\u043e \u0431\u0430\u043b\u0430\u043d\u0441\u0438\u0440\u0430\u043d\u0435 \u043f\u0440\u0438 \u043d\u0438\u0441\u043a\u0430 \u0441\u043a\u043e\u0440\u043e\u0441\u0442<\/li>\n<li>\u041f\u0440\u043e\u0446\u0435\u0441\u0438 \u043d\u0430 \u0434\u0438\u043d\u0430\u043c\u0438\u0447\u043d\u043e \u0431\u0430\u043b\u0430\u043d\u0441\u0438\u0440\u0430\u043d\u0435<\/li>\n<li>\u0418\u0437\u043f\u0438\u0442\u0432\u0430\u0442\u0435\u043b\u043d\u0430 \u043c\u0430\u0448\u0438\u043d\u0430 VSR 400<\/li>\n<li>\u0421\u0438\u043c\u0443\u043b\u0430\u0446\u0438\u044f \u043d\u0430 300 000 \u043e\u0431\u043e\u0440\u043e\u0442\u0430 \u0432 \u043c\u0438\u043d\u0443\u0442\u0430<\/li>\n<li>\u0410\u043d\u0430\u043b\u0438\u0437 \u043d\u0430 \u0432\u0438\u0441\u043e\u043a\u043e\u0441\u043a\u043e\u0440\u043e\u0441\u0442\u043d\u0438 \u0432\u0438\u0431\u0440\u0430\u0446\u0438\u0438<\/li>\n<li>\u041a\u043e\u043d\u0442\u0440\u043e\u043b \u043d\u0430 \u0442\u043e\u043b\u0435\u0440\u0430\u043d\u0441\u0430 \u043f\u043e ISO \u0431\u0430\u043b\u0430\u043d\u0441<\/li>\n<li>\u041a\u043e\u0440\u0435\u043a\u0446\u0438\u0438 \u043d\u0430 \u043c\u0438\u043a\u0440\u043e\u0431\u0430\u043b\u0430\u043d\u0441\u0430<\/li>\n<li>\u041f\u0440\u043e\u0432\u0435\u0440\u043a\u0430 \u043d\u0430 \u0431\u0430\u043b\u0430\u043d\u0441\u0430 \u0441\u043b\u0435\u0434 \u0442\u0435\u0440\u043c\u0438\u0447\u043d\u0430 \u0441\u0442\u0430\u0431\u0438\u043b\u0438\u0437\u0430\u0446\u0438\u044f.<\/li>\n<\/ul>\n<blockquote>\n<p><strong>\u041f\u0440\u043e\u0444\u0435\u0441\u0438\u043e\u043d\u0430\u043b\u043d\u0430 \u0442\u0435\u0445\u043d\u043e\u043b\u043e\u0433\u0438\u044f \u0437\u0430 \u0431\u0430\u043b\u0430\u043d\u0441\u0438\u0440\u0430\u043d\u0435 \u0437\u0430 \u0431\u0435\u0437\u043e\u043f\u0430\u0441\u043d\u043e\u0441\u0442 \u043f\u0440\u0438 \u0432\u0438\u0441\u043e\u043a\u0430 \u0441\u043a\u043e\u0440\u043e\u0441\u0442, \u0434\u044a\u043b\u044a\u0433 \u0436\u0438\u0432\u043e\u0442 \u0438 \u0441\u0442\u0430\u0431\u0438\u043b\u043d\u0430 \u0440\u0430\u0431\u043e\u0442\u0430.<\/strong><\/p>\n<\/blockquote>\n<p>\n<\/div>\n\n\t\t\t\t\t\t\t\t\t\t\t<\/div>\n\n\t\t\t\t\t\t\t\t\t\t\t<a class=\"wd-info-box-link wd-fill\" aria-label=\"Infobox link\" href=\"#\" title=\"\"><\/a>\n\t\t\t\t\t\n\t\t\t\t\t<style><\/style>\t\t\t\t<\/div>\n\t\t\t<\/div>\n\t\t<\/div><\/div><\/div><\/div><div class=\"vc_row wpb_row vc_inner vc_row-fluid vc_row-o-content-top vc_row-flex\"><div class=\"wpb_column vc_column_container vc_col-sm-6\"><div class=\"vc_column-inner\"><div class=\"wpb_wrapper\">\t\t\t<div class=\"info-box-wrapper\">\n\t\t\t\t<div id=\"wd-69921f222e859\" class=\"wd-animation wd-transform wd-animation-left-flip-y wd-animation-normal wd-rs-69921f222e859 wd-info-box wd-wpb text-center box-icon-align-top box-style-shadow color-scheme-dark wd-bg-none vc_custom_1771183917388\">\n\t\t\t\t\t\t\t\t\t\t<div class=\"info-box-content\">\n\t\t\t\t\t\t<h4 class=\"info-box-title title wd-font-weight-900 box-title-style-default wd-fontsize-xl\">\u0422\u0415\u0421\u0422\u0412\u0410\u041d\u0415 \u041d\u0410 \u0415\u041b\u0415\u041a\u0422\u0420\u041e\u041d\u0418\u041a\u0410 \u0418 \u0421\u0422\u0420\u0410\u041d\u0418 \u2013 \u041a\u0410\u041b\u0418\u0411\u0420\u0418\u0420\u0410\u041d\u0415<\/h4>\t\t\t\t\t\t<div class=\"info-box-inner reset-last-child\"><\/p>\n<p style=\"text-align: left;\"><span data-olk-copy-source=\"MessageBody\">\u0415\u043b\u0435\u043a\u0442\u0440\u043e\u043d\u043d\u043e \u043a\u043e\u043d\u0442\u0440\u043e\u043b\u0438\u0440\u0430\u043d\u0438\u0442\u0435 \u0442\u0443\u0440\u0431\u043e \u0441\u0438\u0441\u0442\u0435\u043c\u0438 \u0441\u0435 \u043d\u0430\u0441\u0442\u0440\u043e\u0439\u0432\u0430\u0442 \u043a\u044a\u043c \u0444\u0430\u0431\u0440\u0438\u0447\u043d\u0438\u0442\u0435 \u0434\u043e\u043f\u0443\u0441\u043a\u0438 \u0441 \u043f\u043e\u043c\u043e\u0449\u0442\u0430 \u043d\u0430 \u043f\u0440\u043e\u0444\u0435\u0441\u0438\u043e\u043d\u0430\u043b\u043d\u043e \u043e\u0431\u043e\u0440\u0443\u0434\u0432\u0430\u043d\u0435 \u0437\u0430 \u0442\u0435\u0441\u0442\u0432\u0430\u043d\u0435 \u0438 \u043a\u0430\u043b\u0438\u0431\u0440\u0438\u0440\u0430\u043d\u0435.<\/span><\/p>\n<p style=\"text-align: left;\"><b>\u0422\u0435\u0445\u043d\u0438\u0447\u0435\u0441\u043a\u0438 \u043e\u0431\u0445\u0432\u0430\u0442:<\/b><\/p>\n<ul style=\"text-align: left;\" type=\"disc\">\n<li>\u0422\u0435\u0441\u0442\u043e\u0432\u0435 \u043d\u0430 \u0435\u043b\u0435\u043a\u0442\u0440\u043e\u043d\u043d\u0438 \u0437\u0430\u0434\u0432\u0438\u0436\u0432\u0430\u0449\u0438 \u043c\u0435\u0445\u0430\u043d\u0438\u0437\u043c\u0438<\/li>\n<li>VGT (\u0442\u0443\u0440\u0431\u043e \u0441 \u043f\u0440\u043e\u043c\u0435\u043d\u043b\u0438\u0432\u0430 \u0433\u0435\u043e\u043c\u0435\u0442\u0440\u0438\u044f) \u0443\u043f\u0440\u0430\u0432\u043b\u0435\u043d\u0438\u0435<\/li>\n<li>\u0422\u0435\u0441\u0442\u043e\u0432\u0435 \u043d\u0430 \u043c\u0435\u0445\u0430\u043d\u0438\u0437\u043c\u0430 \u043d\u0430 \u0433\u0435\u0439\u0442\u0430 (\u0443\u0435\u0441\u0442\u0433\u0435\u0439\u0442\u0430)<\/li>\n<li>\u041a\u0430\u043b\u0438\u0431\u0440\u0438\u0440\u0430\u043d\u0435 \u043d\u0430 \u0441\u0435\u043d\u0437\u043e\u0440\u0430 \u0437\u0430 \u043f\u043e\u0437\u0438\u0446\u0438\u044f<\/li>\n<li>\u0421\u0438\u043c\u0443\u043b\u0430\u0446\u0438\u044f \u043d\u0430 \u0432\u0430\u043a\u0443\u0443\u043c \u0438 \u043d\u0430\u043b\u044f\u0433\u0430\u043d\u0435<\/li>\n<li>\u0422\u0435\u0441\u0442\u043e\u0432\u0435 \u043d\u0430 \u0435\u043b\u0435\u043a\u0442\u0440\u043e\u043d\u043d\u0438 \u0437\u0430\u0434\u0432\u0438\u0436\u0432\u0430\u043d\u0438\u044f<\/li>\n<li>\u041f\u0440\u043e\u0446\u0435\u0441\u0438 \u043d\u0430 \u0430\u0434\u0430\u043f\u0442\u0430\u0446\u0438\u044f \u0438 \u0441\u0438\u043d\u0445\u0440\u043e\u043d\u0438\u0437\u0430\u0446\u0438\u044f<\/li>\n<li>\u0422\u0435\u0441\u0442\u043e\u0432\u0435 \u0437\u0430 \u0441\u044a\u0432\u043c\u0435\u0441\u0442\u0438\u043c\u043e\u0441\u0442 \u043d\u0430 \u0441\u0438\u0441\u0442\u0435\u043c\u0430\u0442\u0430<\/li>\n<\/ul>\n<blockquote>\n<p><strong>\u0412 \u0435\u043b\u0435\u043a\u0442\u0440\u043e\u043d\u043d\u0438\u0442\u0435 \u0441\u0438\u0441\u0442\u0435\u043c\u0438 \u0437\u0430 \u0443\u043f\u0440\u0430\u0432\u043b\u0435\u043d\u0438\u0435, \u043f\u0440\u0435\u0446\u0438\u0437\u043d\u043e\u0441\u0442 = \u043f\u0440\u043e\u0438\u0437\u0432\u043e\u0434\u0438\u0442\u0435\u043b\u043d\u043e\u0441\u0442 + \u043d\u0430\u0434\u0435\u0436\u0434\u043d\u043e\u0441\u0442.<\/strong><\/p>\n<\/blockquote>\n<p>\n<\/div>\n\n\t\t\t\t\t\t\t\t\t\t\t<\/div>\n\n\t\t\t\t\t\t\t\t\t\t\t<a class=\"wd-info-box-link wd-fill\" aria-label=\"Infobox link\" href=\"#\" title=\"\"><\/a>\n\t\t\t\t\t\n\t\t\t\t\t<style><\/style>\t\t\t\t<\/div>\n\t\t\t<\/div>\n\t\t<\/div><\/div><\/div><div class=\"wpb_column vc_column_container vc_col-sm-6\"><div class=\"vc_column-inner\"><div class=\"wpb_wrapper\">\t\t\t<div class=\"info-box-wrapper\">\n\t\t\t\t<div id=\"wd-69921f1498f70\" class=\"wd-animation wd-transform wd-animation-left-flip-y wd-animation-normal wd-rs-69921f1498f70 wd-info-box wd-wpb text-center box-icon-align-top box-style-shadow color-scheme-dark wd-bg-none vc_custom_1771183901537\">\n\t\t\t\t\t\t\t\t\t\t<div class=\"info-box-content\">\n\t\t\t\t\t\t<h4 class=\"info-box-title title wd-font-weight-900 box-title-style-default wd-fontsize-xl\">\u041f\u042f\u0421\u042a\u041a\u041e\u0421\u0422\u0420\u0423\u0419\u041d\u0410 \u041e\u0411\u0420\u0410\u0411\u041e\u0422\u041a\u0410 \u0418 \u041f\u041e\u0412\u042a\u0420\u0425\u041d\u041e\u0421\u0422\u041d\u0418 \u041e\u0411\u0420\u0410\u0411\u041e\u0422\u041a\u0418<\/h4>\t\t\t\t\t\t<div class=\"info-box-inner reset-last-child\"><\/p>\n<p style=\"text-align: left;\"><span data-olk-copy-source=\"MessageBody\">\u0412\u0441\u0438\u0447\u043a\u0438 \u043f\u043e\u0432\u044a\u0440\u0445\u043d\u043e\u0441\u0442\u043d\u0438 \u043e\u0431\u0440\u0430\u0431\u043e\u0442\u043a\u0438 \u0441\u0435 \u0438\u0437\u0432\u044a\u0440\u0448\u0432\u0430\u0442 \u0441\u044a\u0433\u043b\u0430\u0441\u043d\u043e \u0438\u043d\u0434\u0443\u0441\u0442\u0440\u0438\u0430\u043b\u043d\u0438\u0442\u0435 \u0441\u0442\u0430\u043d\u0434\u0430\u0440\u0442\u0438, \u043a\u043e\u0438\u0442\u043e \u043d\u0435 \u0443\u0432\u0440\u0435\u0436\u0434\u0430\u0442 \u0434\u0435\u0442\u0430\u0439\u043b\u0430.<\/span><\/p>\n<p style=\"text-align: left;\"><b>\u0422\u0435\u0445\u043d\u0438\u0447\u0435\u0441\u043a\u0438 \u043e\u0431\u0445\u0432\u0430\u0442:<\/b><\/p>\n<ul style=\"text-align: left;\" type=\"disc\">\n<li>\u041c\u0438\u043a\u0440\u043e\u043f\u044f\u0441\u044a\u043a\u043e\u0441\u0442\u0440\u0443\u0435\u043d\u0435, \u043a\u043e\u0435\u0442\u043e \u043d\u0435 \u0443\u0432\u0440\u0435\u0436\u0434\u0430 \u0434\u0435\u0442\u0430\u0439\u043b\u0430.<\/li>\n<li>\u041d\u0435\u0430\u0433\u0440\u0435\u0441\u0438\u0432\u043d\u0430 \u0442\u0435\u0445\u043d\u043e\u043b\u043e\u0433\u0438\u044f \u0437\u0430 \u0431\u043b\u0430\u0441\u0442\u0438\u0440\u0430\u043d\u0435<\/li>\n<li>\u041e\u0442\u0441\u0442\u0440\u0430\u043d\u044f\u0432\u0430\u043d\u0435 \u043d\u0430 \u043f\u043e\u0432\u044a\u0440\u0445\u043d\u043e\u0441\u0442\u0435\u043d \u043e\u043a\u0441\u0438\u0434<\/li>\n<li>\u041f\u0440\u043e\u0446\u0435\u0441\u0438 \u043d\u0430 \u043f\u043e\u0447\u0438\u0441\u0442\u0432\u0430\u043d\u0435 \u0441 \u0432\u044a\u0433\u043b\u0435\u0440\u043e\u0434<\/li>\n<li>\u041a\u043e\u043d\u0442\u0440\u043e\u043b \u043d\u0430 \u0433\u0440\u0430\u043f\u0430\u0432\u043e\u0441\u0442\u0442\u0430 \u043d\u0430 \u043f\u043e\u0432\u044a\u0440\u0445\u043d\u043e\u0441\u0442\u0442\u0430<\/li>\n<li>\u041f\u043e\u0434\u0433\u043e\u0442\u043e\u0432\u043a\u0430 \u043d\u0430 \u043f\u043e\u0432\u044a\u0440\u0445\u043d\u043e\u0441\u0442\u0442\u0430<\/li>\n<li>\u041f\u043e\u0432\u044a\u0440\u0445\u043d\u043e\u0441\u0442\u043d\u0438 \u043e\u0431\u0440\u0430\u0431\u043e\u0442\u043a\u0438 \u043f\u0440\u0435\u0434\u0438 \u043d\u0430\u043d\u0430\u0441\u044f\u043d\u0435 \u043d\u0430 \u043f\u043e\u043a\u0440\u0438\u0442\u0438\u0435<\/li>\n<li>\u041f\u043e\u0447\u0438\u0441\u0442\u0432\u0430\u043d\u0435 \u043d\u0430 \u0432\u044a\u0442\u0440\u0435\u0448\u043d\u0430\u0442\u0430 \u043f\u043e\u0432\u044a\u0440\u0445\u043d\u043e\u0441\u0442 \u043d\u0430 \u043a\u0430\u043d\u0430\u043b\u0430<\/li>\n<\/ul>\n<blockquote>\n<p><strong>\u0422\u0435\u0445\u043d\u043e\u043b\u043e\u0433\u0438\u044f\u0442\u0430 \u043d\u0430 \u043f\u043e\u0432\u044a\u0440\u0445\u043d\u043e\u0441\u0442\u0438\u0442\u0435 \u0435 \u0444\u043e\u043a\u0443\u0441\u0438\u0440\u0430\u043d\u0430 \u0432\u044a\u0440\u0445\u0443 \u0438\u043d\u0436\u0435\u043d\u0435\u0440\u0441\u0442\u0432\u043e\u0442\u043e, \u0430 \u043d\u0435 \u0432\u044a\u0440\u0445\u0443 \u0435\u0441\u0442\u0435\u0442\u0438\u043a\u0430\u0442\u0430.<\/strong><\/p>\n<\/blockquote>\n<p>\n<\/div>\n\n\t\t\t\t\t\t\t\t\t\t\t<\/div>\n\n\t\t\t\t\t\t\t\t\t\t\t<a class=\"wd-info-box-link wd-fill\" aria-label=\"Infobox link\" href=\"#\" title=\"\"><\/a>\n\t\t\t\t\t\n\t\t\t\t\t<style><\/style>\t\t\t\t<\/div>\n\t\t\t<\/div>\n\t\t<\/div><\/div><\/div><\/div><div class=\"vc_row wpb_row vc_inner vc_row-fluid vc_row-o-content-top vc_row-flex\"><div class=\"wpb_column vc_column_container vc_col-sm-6\"><div class=\"vc_column-inner\"><div class=\"wpb_wrapper\">\t\t\t<div class=\"info-box-wrapper\">\n\t\t\t\t<div id=\"wd-69921f07b9d7e\" class=\"wd-animation wd-transform wd-animation-left-flip-y wd-animation-normal wd-rs-69921f07b9d7e wd-info-box wd-wpb text-center box-icon-align-top box-style-shadow color-scheme-dark wd-bg-none vc_custom_1771183887979\">\n\t\t\t\t\t\t\t\t\t\t<div class=\"info-box-content\">\n\t\t\t\t\t\t<h4 class=\"info-box-title title wd-font-weight-900 box-title-style-default wd-fontsize-xl\">\u041d\u0418\u0420\u0414 \u0438 \u0418\u041d\u0416\u0415\u041d\u0415\u0420\u0421\u0422\u0412\u041e<\/h4>\t\t\t\t\t\t<div class=\"info-box-inner reset-last-child\"><\/p>\n<p style=\"text-align: left;\">REVMER \u043f\u0440\u0435\u0434\u043b\u0430\u0433\u0430 \u043d\u0435 \u0441\u0430\u043c\u043e \u0443\u0441\u043b\u0443\u0433\u0438 \u0437\u0430 \u0440\u0435\u0432\u0438\u0437\u0438\u044f, \u043d\u043e \u0438 \u0440\u0430\u0437\u0440\u0430\u0431\u043e\u0442\u0432\u0430\u043d\u0435 \u043d\u0430 \u0438\u043d\u0436\u0435\u043d\u0435\u0440\u043d\u0438 \u0440\u0435\u0448\u0435\u043d\u0438\u044f.<\/p>\n<p style=\"text-align: left;\"><b>\u0422\u0435\u0445\u043d\u0438\u0447\u0435\u0441\u043a\u0438 \u043e\u0431\u0445\u0432\u0430\u0442:<\/b><\/p>\n<ul style=\"text-align: left;\" type=\"disc\">\n<li>\u041c\u043e\u0434\u0435\u043b\u0438\u0440\u0430\u043d\u0435 \u043d\u0430 \u043f\u044a\u0440\u0432\u043e\u043f\u0440\u0438\u0447\u0438\u043d\u0438\u0442\u0435 \u0437\u0430 \u043d\u0435\u0443\u0441\u043f\u0435\u0445<\/li>\n<li>\u0410\u043d\u0430\u043b\u0438\u0437 \u043d\u0430 \u043f\u0440\u043e\u0438\u0437\u0432\u043e\u0434\u0438\u0442\u0435\u043b\u043d\u043e\u0441\u0442\u0442\u0430<\/li>\n<li>\u041f\u0440\u043e\u0443\u0447\u0432\u0430\u043d\u0438\u044f \u0437\u0430 \u043e\u043f\u0442\u0438\u043c\u0438\u0437\u0430\u0446\u0438\u044f \u043d\u0430 \u0441\u0438\u0441\u0442\u0435\u043c\u0438<\/li>\n<li>\u0420\u0430\u0437\u0440\u0430\u0431\u043e\u0442\u0432\u0430\u043d\u0435 \u043d\u0430 \u0442\u0443\u0440\u0431\u043e \u043a\u043e\u043d\u0444\u0438\u0433\u0443\u0440\u0430\u0446\u0438\u044f<\/li>\n<li>\u0420\u0435\u0448\u0435\u043d\u0438\u044f \u0437\u0430 \u043f\u0435\u0440\u0441\u043e\u043d\u0430\u043b\u0438\u0437\u0438\u0440\u0430\u043d\u0438 \u043f\u0440\u0438\u043b\u043e\u0436\u0435\u043d\u0438\u044f<\/li>\n<li>\u0414\u0438\u0437\u0430\u0439\u043d \u043d\u0430 \u0442\u0435\u0441\u0442\u043e\u0432 \u0441\u0446\u0435\u043d\u0430\u0440\u0438\u0439<\/li>\n<li>\u0420\u0430\u0437\u0440\u0430\u0431\u043e\u0442\u0432\u0430\u043d\u0435 \u043d\u0430 \u043f\u0440\u043e\u0442\u043e\u0442\u0438\u043f\u043d\u0430 \u0441\u0438\u0441\u0442\u0435\u043c\u0430<\/li>\n<li>\u041f\u0440\u043e\u0446\u0435\u0441\u0438 \u043d\u0430 \u0442\u0435\u0445\u043d\u0438\u0447\u0435\u0441\u043a\u043e \u0432\u0430\u043b\u0438\u0434\u0438\u0440\u0430\u043d\u0435<\/li>\n<\/ul>\n<blockquote>\n<p><strong>\u0422\u043e\u0432\u0430 \u0435 \u0438\u043d\u0436\u0435\u043d\u0435\u0440\u0435\u043d \u043f\u043e\u0434\u0445\u043e\u0434, \u0430 \u043d\u0435 \u043f\u043e\u0434\u0445\u043e\u0434 \u0437\u0430 \u0440\u0435\u043c\u043e\u043d\u0442.<\/strong><\/p>\n<\/blockquote>\n<p>\n<\/div>\n\n\t\t\t\t\t\t\t\t\t\t\t<\/div>\n\n\t\t\t\t\t\t\t\t\t\t\t<a class=\"wd-info-box-link wd-fill\" aria-label=\"Infobox link\" href=\"#\" title=\"\"><\/a>\n\t\t\t\t\t\n\t\t\t\t\t<style><\/style>\t\t\t\t<\/div>\n\t\t\t<\/div>\n\t\t<\/div><\/div><\/div><div class=\"wpb_column vc_column_container vc_col-sm-6\"><div class=\"vc_column-inner\"><div class=\"wpb_wrapper\">\t\t\t<div class=\"info-box-wrapper\">\n\t\t\t\t<div id=\"wd-69921eef9163f\" class=\"wd-animation wd-transform wd-animation-left-flip-y wd-animation-normal wd-rs-69921eef9163f wd-info-box wd-wpb text-center box-icon-align-top box-style-shadow color-scheme-dark wd-bg-none vc_custom_1771183875017\">\n\t\t\t\t\t\t\t\t\t\t<div class=\"info-box-content\">\n\t\t\t\t\t\t<h4 class=\"info-box-title title wd-font-weight-900 box-title-style-default wd-fontsize-xl\">\u0422\u0415\u0421\u0422 \u0417\u0410 \u0420\u0410\u0411\u041e\u0422\u041d\u0418 \u0423\u0421\u041b\u041e\u0412\u0418\u042f<\/h4>\t\t\t\t\t\t<div class=\"info-box-inner reset-last-child\"><\/p>\n<p style=\"text-align: left;\">\u0422\u0443\u0440\u0431\u043e \u0441\u0438\u0441\u0442\u0435\u043c\u0438\u0442\u0435 \u0441\u0435 \u0442\u0435\u0441\u0442\u0432\u0430\u0442 \u043d\u0435 \u0441\u0430\u043c\u043e \u0441 \u043d\u0430\u0441\u0442\u043e\u043b\u043d\u0438 \u0442\u0435\u0441\u0442\u043e\u0432\u0435, \u043d\u043e \u0438 \u0432\u044a\u0440\u0445\u0443 \u0441\u0438\u0441\u0442\u0435\u043c\u0438, \u0441\u0438\u043c\u0443\u043b\u0438\u0440\u0430\u0449\u0438 \u0440\u0435\u0430\u043b\u043d\u0438 \u0443\u0441\u043b\u043e\u0432\u0438\u044f \u043d\u0430 \u0440\u0430\u0431\u043e\u0442\u0430.<\/p>\n<p style=\"text-align: left;\"><b>\u0422\u0435\u0445\u043d\u0438\u0447\u0435\u0441\u043a\u0438 \u043e\u0431\u0445\u0432\u0430\u0442:<\/b><\/p>\n<ul style=\"text-align: left;\" type=\"disc\">\n<li>\u041f\u044a\u043b\u043d\u0438 \u0434\u0438\u043d\u0430\u043c\u043e\u043c\u0435\u0442\u0440\u0438\u0447\u043d\u0438 \u0442\u0435\u0441\u0442\u043e\u0432\u0435<\/li>\n<li>\u0421\u0438\u043c\u0443\u043b\u0430\u0446\u0438\u044f \u043d\u0430 \u0440\u0435\u0430\u043b\u043d\u043e \u043d\u0430\u0442\u043e\u0432\u0430\u0440\u0432\u0430\u043d\u0435<\/li>\n<li>\u0418\u0437\u043f\u0438\u0442\u0432\u0430\u043d\u0438\u044f \u043d\u0430 \u043d\u0430\u043b\u044f\u0433\u0430\u043d\u0435 \u0438 \u0434\u0435\u0431\u0438\u0442<\/li>\n<li>\u0421\u0438\u043c\u0443\u043b\u0430\u0446\u0438\u044f \u043d\u0430 \u0442\u0435\u0440\u043c\u0438\u0447\u043d\u043e \u043d\u0430\u0442\u043e\u0432\u0430\u0440\u0432\u0430\u043d\u0435<\/li>\n<li>\u0421\u0438\u043c\u0443\u043b\u0430\u0446\u0438\u044f \u043d\u0430 \u0441\u043c\u0430\u0437\u043e\u0447\u043d\u0430 \u0441\u0438\u0441\u0442\u0435\u043c\u0430<\/li>\n<li>\u0422\u0435\u0441\u0442\u043e\u0432\u0435 \u0437\u0430 \u0441\u0442\u0430\u0431\u0438\u043b\u043d\u043e\u0441\u0442 \u043d\u0430 \u0432\u044a\u0440\u0442\u0435\u043d\u0435<\/li>\n<li>\u0412\u0430\u043b\u0438\u0434\u0438\u0440\u0430\u043d\u0435 \u043d\u0430 \u043a\u0440\u0438\u0432\u0430\u0442\u0430 \u043d\u0430 \u043f\u0440\u043e\u0438\u0437\u0432\u043e\u0434\u0438\u0442\u0435\u043b\u043d\u043e\u0441\u0442\u0442\u0430<\/li>\n<li>\u0422\u0435\u0441\u0442\u043e\u0432\u0435 \u0437\u0430 \u0441\u044a\u0432\u043c\u0435\u0441\u0442\u0438\u043c\u043e\u0441\u0442 \u043d\u0430 \u0441\u0438\u0441\u0442\u0435\u043c\u0430\u0442\u0430<\/li>\n<li>\u0422\u0435\u0441\u0442\u043e\u0432\u0435 \u0437\u0430 \u0434\u044a\u043b\u0433\u043e\u0441\u0440\u043e\u0447\u043d\u0430 \u0441\u0442\u0430\u0431\u0438\u043b\u043d\u043e\u0441\u0442<\/li>\n<\/ul>\n<blockquote>\n<p><strong>\u041d\u0435 \u0435 \u043b\u0430\u0431\u043e\u0440\u0430\u0442\u043e\u0440\u0435\u043d \u0442\u0435\u0441\u0442, \u0430 \u043f\u0440\u043e\u0432\u0435\u0440\u043a\u0430 \u0432 \u0440\u0435\u0430\u043b\u043d\u0438 \u0443\u0441\u043b\u043e\u0432\u0438\u044f \u043d\u0430 \u0440\u0430\u0431\u043e\u0442\u0430.<\/strong><\/p>\n<\/blockquote>\n<p>\n<\/div>\n\n\t\t\t\t\t\t\t\t\t\t\t<\/div>\n\n\t\t\t\t\t\t\t\t\t\t\t<a class=\"wd-info-box-link wd-fill\" aria-label=\"Infobox link\" href=\"#\" title=\"\"><\/a>\n\t\t\t\t\t\n\t\t\t\t\t<style><\/style>\t\t\t\t<\/div>\n\t\t\t<\/div>\n\t\t<\/div><\/div><\/div><\/div><\/div><\/div><\/div><\/div>\n<\/div>","protected":false},"excerpt":{"rendered":"TURBO REV\u0130ZYONU REVMER Turbo Revizyon Merkezi, klasik onar\u0131m anlay\u0131\u015f\u0131n\u0131n \u00f6tesinde,\u00a0remanufacturing (yeniden \u00fcretim)prensipleriyle turbo revizyon hizmeti sunar. T\u00fcm s\u00fcre\u00e7; \u00f6l\u00e7\u00fcm odakl\u0131","protected":false},"author":1,"featured_media":0,"parent":0,"menu_order":0,"comment_status":"closed","ping_status":"closed","template":"","meta":{"footnotes":""},"class_list":["post-10708","page","type-page","status-publish","hentry"],"_links":{"self":[{"href":"https:\/\/www.revmer.eu\/bg\/wp-json\/wp\/v2\/pages\/10708","targetHints":{"allow":["GET"]}}],"collection":[{"href":"https:\/\/www.revmer.eu\/bg\/wp-json\/wp\/v2\/pages"}],"about":[{"href":"https:\/\/www.revmer.eu\/bg\/wp-json\/wp\/v2\/types\/page"}],"author":[{"embeddable":true,"href":"https:\/\/www.revmer.eu\/bg\/wp-json\/wp\/v2\/users\/1"}],"replies":[{"embeddable":true,"href":"https:\/\/www.revmer.eu\/bg\/wp-json\/wp\/v2\/comments?post=10708"}],"version-history":[{"count":12,"href":"https:\/\/www.revmer.eu\/bg\/wp-json\/wp\/v2\/pages\/10708\/revisions"}],"predecessor-version":[{"id":10752,"href":"https:\/\/www.revmer.eu\/bg\/wp-json\/wp\/v2\/pages\/10708\/revisions\/10752"}],"wp:attachment":[{"href":"https:\/\/www.revmer.eu\/bg\/wp-json\/wp\/v2\/media?parent=10708"}],"curies":[{"name":"wp","href":"https:\/\/api.w.org\/{rel}","templated":true}]}}