{"id":5212,"date":"2021-08-25T07:26:28","date_gmt":"2021-08-25T07:26:28","guid":{"rendered":"http:\/\/dummy.xtemos.com\/woodmart2\/?page_id=5212"},"modified":"2026-02-04T22:11:58","modified_gmt":"2026-02-04T19:11:58","slug":"about","status":"publish","type":"page","link":"https:\/\/www.revmer.eu\/bg\/about\/","title":{"rendered":"\u0417\u0430 \u043d\u0430\u0441"},"content":{"rendered":"<div class=\"wpb-content-wrapper\"><div class=\"vc_row wpb_row vc_row-fluid vc_custom_1770232187313 row-reverse-mobile row-reverse-tablet wd-rs-69839931517b3\"><div class=\"wpb_column vc_column_container vc_col-sm-12 vc_col-lg-6 vc_col-md-6 wd-rs-6125f30edad72\"><div class=\"vc_column-inner vc_custom_1629877010833\"><div class=\"wpb_wrapper\">\t\t<div id=\"wd-698397b44f9bb\" class=\"wd-image wd-wpb wd-rs-698397b44f9bb text-left vc_custom_1770231785932\">\n\t\t\t\n\t\t\t<img loading=\"lazy\" decoding=\"async\" width=\"1262\" height=\"692\" src=\"https:\/\/www.revmer.eu\/wp-content\/uploads\/2026\/02\/revmer_hakkimizda.jpeg\" class=\"attachment-full size-full\" alt=\"\" srcset=\"https:\/\/www.revmer.eu\/wp-content\/uploads\/2026\/02\/revmer_hakkimizda.jpeg 1262w, https:\/\/www.revmer.eu\/wp-content\/uploads\/2026\/02\/revmer_hakkimizda-400x219.jpeg 400w, https:\/\/www.revmer.eu\/wp-content\/uploads\/2026\/02\/revmer_hakkimizda-768x421.jpeg 768w, https:\/\/www.revmer.eu\/wp-content\/uploads\/2026\/02\/revmer_hakkimizda-430x236.jpeg 430w, https:\/\/www.revmer.eu\/wp-content\/uploads\/2026\/02\/revmer_hakkimizda-700x384.jpeg 700w, https:\/\/www.revmer.eu\/wp-content\/uploads\/2026\/02\/revmer_hakkimizda-150x82.jpeg 150w\" sizes=\"auto, (max-width: 1262px) 100vw, 1262px\" \/>\n\t\t\t\t\t<\/div>\n\t\t<\/div><\/div><\/div><div class=\"wpb_column vc_column_container vc_col-sm-12 vc_col-lg-6 vc_col-md-6 vc_col-xs-12 wd-rs-696d337c444eb\"><div class=\"vc_column-inner vc_custom_1768764290716\"><div class=\"wpb_wrapper\">\t\t<div id=\"wd-698399d952bc0\" class=\"wd-text-block wd-wpb reset-last-child wd-rs-698399d952bc0 text-left wd-fontsize-custom vc_custom_1770232311590\">\n\t\t\t<p class=\"translation-block\"><strong>Revmer<\/strong> \u0435 \u043c\u0430\u0440\u043a\u0430, \u0441\u044a\u0437\u0434\u0430\u0434\u0435\u043d\u0430 \u0432 \u0422\u0443\u0440\u0446\u0438\u044f \u0432 \u043e\u0431\u043b\u0430\u0441\u0442\u0442\u0430 \u043d\u0430 \u043e\u0441\u043d\u043e\u0432\u043d\u0438\u044f \u0440\u0435\u043c\u043e\u043d\u0442 \u0438 \u0440\u0435\u043c\u043e\u043d\u0442 \u043d\u0430 \u0442\u0443\u0440\u0431\u043e\u043a\u043e\u043c\u043f\u0440\u0435\u0441\u043e\u0440\u0438, \u043a\u043e\u044f\u0442\u043e \u043f\u0440\u0435\u0437 \u0433\u043e\u0434\u0438\u043d\u0438\u0442\u0435 \u0435 \u0438\u0437\u0433\u0440\u0430\u0434\u0438\u043b\u0430 \u043e\u043f\u0438\u0442, \u0434\u043e\u0432\u0435\u0440\u0438\u0435 \u0438 \u043a\u0430\u0447\u0435\u0441\u0442\u0432\u043e. \u041e\u0442 \u0441\u044a\u0437\u0434\u0430\u0432\u0430\u043d\u0435\u0442\u043e \u0441\u0438 \u0442\u044f \u043f\u0440\u0435\u0434\u043b\u0430\u0433\u0430 \u043f\u0440\u043e\u0444\u0435\u0441\u0438\u043e\u043d\u0430\u043b\u043d\u0438 \u0440\u0435\u0448\u0435\u043d\u0438\u044f \u0437\u0430 \u0442\u0443\u0440\u0431\u043e \u0441\u0438\u0441\u0442\u0435\u043c\u0438 \u0432 \u0448\u0438\u0440\u043e\u043a\u0430 \u0433\u0430\u043c\u0430 \u043f\u0440\u0435\u0432\u043e\u0437\u043d\u0438 \u0441\u0440\u0435\u0434\u0441\u0442\u0432\u0430, \u043e\u0442 \u043b\u0435\u043a\u0438 \u0430\u0432\u0442\u043e\u043c\u043e\u0431\u0438\u043b\u0438 \u0434\u043e \u0442\u044a\u0440\u0433\u043e\u0432\u0441\u043a\u0438 \u0438 \u0442\u0435\u0436\u043a\u043e\u0442\u043e\u0432\u0430\u0440\u043d\u0438 \u0430\u0432\u0442\u043e\u043c\u043e\u0431\u0438\u043b\u0438.<\/p>\n<p class=\"translation-block\">\u0413\u043b\u0430\u0432\u043d\u043e\u0442\u043e \u043d\u0438 \u0441\u0435\u0434\u0430\u043b\u0438\u0449\u0435 \u0432 \u0422\u0443\u0440\u0446\u0438\u044f, \u0441 \u043d\u0435\u0433\u043e\u0432\u0430\u0442\u0430 \u0442\u0435\u0445\u043d\u0438\u0447\u0435\u0441\u043a\u0430 \u0438\u043d\u0444\u0440\u0430\u0441\u0442\u0440\u0443\u043a\u0442\u0443\u0440\u0430, \u043e\u043f\u0438\u0442\u0435\u043d \u043f\u0435\u0440\u0441\u043e\u043d\u0430\u043b \u0438 \u0432\u0438\u0441\u043e\u043a\u0438 \u0441\u0442\u0430\u043d\u0434\u0430\u0440\u0442\u0438 \u0437\u0430 \u043a\u0430\u0447\u0435\u0441\u0442\u0432\u043e, \u0444\u043e\u0440\u043c\u0438\u0440\u0430 <strong>\u043f\u043e\u0434\u0445\u043e\u0434\u0430 \u043a\u044a\u043c \u0437\u043d\u0430\u043d\u0438\u044f\u0442\u0430 \u0438 \u0438\u043d\u0436\u0435\u043d\u0435\u0440\u0441\u0442\u0432\u043e\u0442\u043e<\/strong> \u043d\u0430 \u043c\u0430\u0440\u043a\u0430\u0442\u0430 Revmer. \u041f\u0440\u043e\u0446\u0435\u0441\u0438\u0442\u0435 \u043d\u0430 \u0440\u0435\u0432\u0438\u0437\u0438\u044f, \u043f\u0440\u043e\u0446\u0435\u0434\u0443\u0440\u0438\u0442\u0435 \u0437\u0430 \u0442\u0435\u0441\u0442\u0432\u0430\u043d\u0435 \u0438 \u043a\u0440\u0438\u0442\u0435\u0440\u0438\u0438\u0442\u0435 \u0437\u0430 \u043a\u0430\u0447\u0435\u0441\u0442\u0432\u043e, \u0440\u0430\u0437\u0440\u0430\u0431\u043e\u0442\u0435\u043d\u0438 \u0442\u0443\u043a, \u0441\u0435 \u043f\u0440\u0438\u043b\u0430\u0433\u0430\u0442 \u043a\u0430\u0442\u043e <strong>\u0440\u0435\u0444\u0435\u0440\u0435\u043d\u0442\u043d\u0438 \u0441\u0442\u0430\u043d\u0434\u0430\u0440\u0442\u0438<\/strong> \u0432\u044a\u0432 \u0432\u0441\u0438\u0447\u043a\u0438 \u043a\u043b\u043e\u043d\u043e\u0432\u0435 \u043d\u0430 \u043d\u0430\u0448\u0430\u0442\u0430 \u043c\u0430\u0440\u043a\u0430.<\/p>\n<p class=\"translation-block\">\u0421\u044a\u0437\u0434\u0430\u0434\u0435\u043d \u043a\u0430\u0442\u043e \u043f\u0440\u043e\u0434\u044a\u043b\u0436\u0435\u043d\u0438\u0435 \u043d\u0430 \u0442\u0430\u0437\u0438 \u0441\u0438\u043b\u043d\u0430 \u0438\u043d\u0444\u0440\u0430\u0441\u0442\u0440\u0443\u043a\u0442\u0443\u0440\u0430, \u043a\u043b\u043e\u043d\u044a\u0442 \u043d\u0430 Revmer Europe \u0432 \u0421\u043e\u0444\u0438\u044f \u0437\u0430\u043f\u043e\u0447\u043d\u0430 \u0434\u0435\u0439\u043d\u043e\u0441\u0442, \u0437\u0430 \u0434\u0430 \u043f\u0440\u0435\u0434\u043e\u0441\u0442\u0430\u0432\u044f \u043f\u043e-\u0431\u044a\u0440\u0437\u043e, \u043f\u043e-\u0435\u0444\u0435\u043a\u0442\u0438\u0432\u043d\u043e \u0438 \u043e\u0431\u0441\u043b\u0443\u0436\u0432\u0430\u043d\u0435 \u043d\u0430 \u043c\u044f\u0441\u0442\u043e \u043d\u0430 \u0435\u0432\u0440\u043e\u043f\u0435\u0439\u0441\u043a\u0438\u044f \u043f\u0430\u0437\u0430\u0440. \u041d\u0430\u0448\u0438\u044f\u0442 \u0446\u0435\u043d\u0442\u044a\u0440 \u0432 \u0421\u043e\u0444\u0438\u044f \u0441\u044a\u0447\u0435\u0442\u0430\u0432\u0430 \u043e\u043f\u0438\u0442\u0430 \u0438 \u0441\u0442\u0430\u043d\u0434\u0430\u0440\u0442\u0438\u0442\u0435 \u0437\u0430 \u043a\u0430\u0447\u0435\u0441\u0442\u0432\u043e \u043d\u0430 \u0446\u0435\u043d\u0442\u0440\u0430\u043b\u0430\u0442\u0430 \u043d\u0430 Revmer \u0432 \u0422\u0443\u0440\u0446\u0438\u044f \u0441 \u0435\u0432\u0440\u043e\u043f\u0435\u0439\u0441\u043a\u0438\u0442\u0435 \u0441\u0442\u0430\u043d\u0434\u0430\u0440\u0442\u0438 \u0437\u0430 \u0440\u0435\u0446\u0438\u043a\u043b\u0438\u0440\u0430\u043d\u0435 \u0438 \u0441\u044a\u0432\u0440\u0435\u043c\u0435\u043d\u043d\u0438 \u0442\u0435\u0445\u043d\u043e\u043b\u043e\u0433\u0438\u0438 \u0437\u0430 \u0442\u0435\u0441\u0442\u0432\u0430\u043d\u0435.<\/p>\n\t\t<\/div>\n\t\t<\/div><\/div><\/div><div class=\"wpb_column vc_column_container vc_col-sm-12\"><div class=\"vc_column-inner\"><div class=\"wpb_wrapper\">\t\t<div id=\"wd-698399de90509\" class=\"wd-text-block wd-wpb reset-last-child wd-rs-698399de90509 text-left wd-fontsize-custom vc_custom_1770232297373\">\n\t\t\t<p class=\"translation-block\">\u0412\u0441\u0438\u0447\u043a\u0438 \u043f\u0440\u043e\u0446\u0435\u0441\u0438 \u043d\u0430 \u043e\u0441\u043d\u043e\u0432\u0435\u043d \u0440\u0435\u043c\u043e\u043d\u0442 \u043d\u0430 \u0442\u0443\u0440\u0431\u043e\u043a\u043e\u043c\u043f\u0440\u0435\u0441\u043e\u0440\u0438, \u0438\u0437\u0432\u044a\u0440\u0448\u0432\u0430\u043d\u0438 \u0432 Revmer, \u043f\u0440\u0435\u043c\u0438\u043d\u0430\u0432\u0430\u0442 \u043f\u0440\u0435\u0437:<br>\n\n\u043f\u044a\u043b\u043d\u043e \u0440\u0430\u0437\u0433\u043b\u043e\u0431\u044f\u0432\u0430\u043d\u0435, \u0438\u0437\u043c\u0435\u0440\u0432\u0430\u043d\u0435 \u0447\u0430\u0441\u0442 \u043f\u043e \u0447\u0430\u0441\u0442, \u0438\u0437\u043f\u043e\u043b\u0437\u0432\u0430\u043d\u0435 \u043d\u0430 \u0435\u043a\u0432\u0438\u0432\u0430\u043b\u0435\u043d\u0442\u043d\u0438 \u043d\u0430 OEM \u0447\u0430\u0441\u0442\u0438, \u0432\u0438\u0441\u043e\u043a\u043e\u0441\u043a\u043e\u0440\u043e\u0441\u0442\u043d\u043e \u0431\u0430\u043b\u0430\u043d\u0441\u0438\u0440\u0430\u043d\u0435 \u0438 \u043c\u043d\u043e\u0433\u043e\u0435\u0442\u0430\u043f\u043d\u0438 \u043f\u0440\u043e\u0446\u0435\u0441\u0438 \u043d\u0430 \u043a\u043e\u043d\u0442\u0440\u043e\u043b \u043d\u0430 \u043a\u0430\u0447\u0435\u0441\u0442\u0432\u043e\u0442\u043e. <strong>\u0412\u0441\u0435\u043a\u0438 \u0442\u0443\u0440\u0431\u043e\u043a\u043e\u043c\u043f\u0440\u0435\u0441\u043e\u0440 \u0435 \u0442\u0435\u0441\u0442\u0432\u0430\u043d, \u0434\u043e\u043a\u0443\u043c\u0435\u043d\u0442\u0438\u0440\u0430\u043d \u0438 \u0434\u043e\u0441\u0442\u0430\u0432\u044f\u043d \u043d\u0430 \u043d\u0430\u0448\u0438\u0442\u0435 \u043a\u043b\u0438\u0435\u043d\u0442\u0438 \u0441 \u0433\u0430\u0440\u0430\u043d\u0446\u0438\u044f.<\/strong><\/p>\n<p class=\"translation-block\">\u041d\u0430\u0448\u0430\u0442\u0430 \u0446\u0435\u043b \u0432 Revmer \u043d\u0435 \u0435 \u043f\u0440\u043e\u0441\u0442\u043e \u0434\u0430 \u0440\u0435\u043c\u043e\u043d\u0442\u0438\u0440\u0430\u043c\u0435 \u0442\u0443\u0440\u0431\u043e\u043a\u043e\u043c\u043f\u0440\u0435\u0441\u043e\u0440\u0438, \u0430 \u0434\u0430 \u0441\u044a\u0437\u0434\u0430\u0434\u0435\u043c \u0443\u0441\u0442\u043e\u0439\u0447\u0438\u0432\u0430 \u0441\u0442\u043e\u0439\u043d\u043e\u0441\u0442 \u0437\u0430 \u043d\u0430\u0448\u0438\u0442\u0435 \u043a\u043b\u0438\u0435\u043d\u0442\u0438, \u043a\u0430\u0442\u043e \u043f\u0440\u0435\u0434\u043b\u0430\u0433\u0430\u043c\u0435<br>\n\n<strong>\u0434\u044a\u043b\u0433\u043e\u0442\u0440\u0430\u0439\u043d\u0438, \u043d\u0430\u0434\u0435\u0436\u0434\u043d\u0438 \u0438 \u0432\u0438\u0441\u043e\u043a\u043e\u043f\u0440\u043e\u0438\u0437\u0432\u043e\u0434\u0438\u0442\u0435\u043b\u043d\u0438 \u0442\u0443\u0440\u0431\u043e \u0440\u0435\u0448\u0435\u043d\u0438\u044f<\/strong>.<\/p>\n\t\t<\/div>\n\t\t<\/div><\/div><\/div><\/div><div class=\"vc_row wpb_row vc_row-fluid\"><div class=\"wpb_column vc_column_container vc_col-sm-6\"><div class=\"vc_column-inner\"><div class=\"wpb_wrapper\">\n\t\t<div id=\"wd-696d3a2507c66\" class=\"title-wrapper wd-wpb wd-set-mb reset-last-child  wd-rs-696d3a2507c66 wd-title-color-default wd-title-style-simple text-left  wd-underline-colored\">\n\t\t\t\n\t\t\t<div class=\"liner-continer\">\n\t\t\t\t<h4 class=\"woodmart-title-container title  wd-font-weight- wd-fontsize-l\" >\u041d\u0430\u0448\u0430\u0442\u0430 \u043c\u0438\u0441\u0438\u044f<\/h4>\n\t\t\t\t\t\t\t<\/div>\n\t\t\t\n\t\t\t\n\t\t\t\n\t\t<\/div>\n\t\t\n\t\t\t\t<div id=\"wd-696d3a32ce560\" class=\"wd-text-block wd-wpb reset-last-child wd-rs-696d3a32ce560 text-left wd-fontsize-custom vc_custom_1768766012196\">\n\t\t\t<p class=\"translation-block\">\u041a\u0430\u0442\u043e \u043f\u0440\u0435\u0434\u043b\u0430\u0433\u0430\u043c\u0435 \u043d\u0430 \u043d\u0430\u0448\u0438\u0442\u0435 \u043a\u043b\u0438\u0435\u043d\u0442\u0438 <strong>\u0434\u044a\u043b\u0433\u043e\u0442\u0440\u0430\u0439\u043d\u0438, \u043d\u0430\u0434\u0435\u0436\u0434\u043d\u0438 \u0438 \u0432\u0438\u0441\u043e\u043a\u043e\u043f\u0440\u043e\u0438\u0437\u0432\u043e\u0434\u0438\u0442\u0435\u043b\u043d\u0438 \u0442\u0443\u0440\u0431\u043e \u0440\u0435\u0448\u0435\u043d\u0438\u044f<\/strong>, \u043d\u0438\u0435 \u0441\u0435 \u0441\u0442\u0440\u0435\u043c\u0438\u043c \u0434\u0430 \u043f\u043e\u0432\u0438\u0448\u0438\u043c \u0435\u0444\u0435\u043a\u0442\u0438\u0432\u043d\u043e\u0441\u0442\u0442\u0430 \u0438 \u043a\u043e\u043c\u0444\u043e\u0440\u0442\u0430 \u043d\u0430 \u0448\u043e\u0444\u0438\u0440\u0430\u043d\u0435 \u043d\u0430 \u0442\u0435\u0445\u043d\u0438\u0442\u0435 \u043f\u0440\u0435\u0432\u043e\u0437\u043d\u0438 \u0441\u0440\u0435\u0434\u0441\u0442\u0432\u0430.<\/p>\n\t\t<\/div>\n\t\t<\/div><\/div><\/div><div class=\"wpb_column vc_column_container vc_col-sm-6\"><div class=\"vc_column-inner\"><div class=\"wpb_wrapper\">\n\t\t<div id=\"wd-696d3a3f358bd\" class=\"title-wrapper wd-wpb wd-set-mb reset-last-child  wd-rs-696d3a3f358bd wd-title-color-default wd-title-style-simple text-left  wd-underline-colored\">\n\t\t\t\n\t\t\t<div class=\"liner-continer\">\n\t\t\t\t<h4 class=\"woodmart-title-container title  wd-font-weight- wd-fontsize-l\" >Vizyonumuz<\/h4>\n\t\t\t\t\t\t\t<\/div>\n\t\t\t\n\t\t\t\n\t\t\t\n\t\t<\/div>\n\t\t\n\t\t\t\t<div id=\"wd-696d3a53474cf\" class=\"wd-text-block wd-wpb reset-last-child wd-rs-696d3a53474cf text-left wd-fontsize-custom vc_custom_1768766040330\">\n\t\t\t<p class=\"translation-block\">\u0414\u0430 \u0431\u044a\u0434\u0435\u043c <strong>\u0432\u043e\u0434\u0435\u0449\u0430 \u0438 \u043f\u0440\u0435\u0434\u043f\u043e\u0447\u0438\u0442\u0430\u043d\u0430 \u043c\u0430\u0440\u043a\u0430<\/strong> \u0432 \u0440\u0435\u043c\u043e\u043d\u0442\u0430 \u043d\u0430 \u0442\u0443\u0440\u0431\u043e\u043a\u043e\u043c\u043f\u0440\u0435\u0441\u043e\u0440\u0438 \u043d\u0430 \u0411\u0430\u043b\u043a\u0430\u043d\u0438\u0442\u0435 \u0438 \u0432 \u0415\u0432\u0440\u043e\u043f\u0430; \u0434\u0430 \u0441\u044a\u0437\u0434\u0430\u0434\u0435\u043c \u043d\u0435\u043f\u0440\u0435\u043a\u044a\u0441\u043d\u0430\u0442\u043e \u0440\u0430\u0437\u0432\u0438\u0432\u0430\u0449\u0430 \u0441\u0435 \u0441\u0435\u0440\u0432\u0438\u0437\u043d\u0430 \u043c\u0440\u0435\u0436\u0430, \u043a\u043e\u044f\u0442\u043e \u0441\u043b\u0435\u0434\u0438 \u043e\u0442\u0431\u043b\u0438\u0437\u043e \u0442\u0435\u0445\u043d\u043e\u043b\u043e\u0433\u0438\u0438\u0442\u0435.<\/p>\n\t\t<\/div>\n\t\t<\/div><\/div><\/div><\/div>\n<\/div>","protected":false},"excerpt":{"rendered":"Revmer, turbo\u015farj revizyonu ve onar\u0131m\u0131 alan\u0131nda T\u00fcrkiye\u2019de ba\u015flayan ve y\u0131llar i\u00e7inde uzmanl\u0131k, g\u00fcven ve kalite \u00fczerine in\u015fa edilmi\u015f bir markad\u0131r.","protected":false},"author":1,"featured_media":0,"parent":0,"menu_order":0,"comment_status":"closed","ping_status":"closed","template":"","meta":{"footnotes":""},"class_list":["post-5212","page","type-page","status-publish","hentry"],"_links":{"self":[{"href":"https:\/\/www.revmer.eu\/bg\/wp-json\/wp\/v2\/pages\/5212","targetHints":{"allow":["GET"]}}],"collection":[{"href":"https:\/\/www.revmer.eu\/bg\/wp-json\/wp\/v2\/pages"}],"about":[{"href":"https:\/\/www.revmer.eu\/bg\/wp-json\/wp\/v2\/types\/page"}],"author":[{"embeddable":true,"href":"https:\/\/www.revmer.eu\/bg\/wp-json\/wp\/v2\/users\/1"}],"replies":[{"embeddable":true,"href":"https:\/\/www.revmer.eu\/bg\/wp-json\/wp\/v2\/comments?post=5212"}],"version-history":[{"count":22,"href":"https:\/\/www.revmer.eu\/bg\/wp-json\/wp\/v2\/pages\/5212\/revisions"}],"predecessor-version":[{"id":10735,"href":"https:\/\/www.revmer.eu\/bg\/wp-json\/wp\/v2\/pages\/5212\/revisions\/10735"}],"wp:attachment":[{"href":"https:\/\/www.revmer.eu\/bg\/wp-json\/wp\/v2\/media?parent=5212"}],"curies":[{"name":"wp","href":"https:\/\/api.w.org\/{rel}","templated":true}]}}