{"id":10609,"date":"2026-01-19T02:38:47","date_gmt":"2026-01-18T23:38:47","guid":{"rendered":"https:\/\/baysajans.com\/revmer\/?page_id=10609"},"modified":"2026-02-04T11:55:04","modified_gmt":"2026-02-04T08:55:04","slug":"process-revision-stages","status":"publish","type":"page","link":"https:\/\/www.revmer.eu\/en\/process-revision-stages\/","title":{"rendered":"Process \u2013 Revision Stages"},"content":{"rendered":"<div class=\"wpb-content-wrapper\"><div class=\"vc_row wpb_row vc_row-fluid\"><div class=\"wpb_column vc_column_container vc_col-sm-12\"><div class=\"vc_column-inner\"><div class=\"wpb_wrapper\"><div class=\"vc_row wpb_row vc_inner vc_row-fluid vc_row-o-content-top vc_row-flex\"><div class=\"wpb_column vc_column_container vc_col-sm-4\"><div class=\"vc_column-inner\"><div class=\"wpb_wrapper\">\t\t\t<div class=\"info-box-wrapper\">\n\t\t\t\t<div id=\"wd-6983091632b16\" class=\"wd-animation wd-transform wd-animation-left-flip-y wd-animation-normal wd-rs-6983091632b16 wd-info-box wd-wpb text-center box-icon-align-top box-style-shadow color-scheme-dark wd-bg-none vc_custom_1770195223607\">\n\t\t\t\t\t\t\t\t\t\t\t<div class=\"box-icon-wrapper  box-with-text text-size-small box-icon-with-border\">\n\t\t\t\t\t\t\t<div class=\"info-box-icon\">\n\n\t\t\t\t\t\t\t\t\t\t\t\t\t\t\t1\t\t\t\t\t\t\t\n\t\t\t\t\t\t\t<\/div>\n\t\t\t\t\t\t<\/div>\n\t\t\t\t\t\t\t\t\t\t<div class=\"info-box-content\">\n\t\t\t\t\t\t<h4 class=\"info-box-title title wd-font-weight-900 box-title-style-default wd-fontsize-m\">Welcome (Product Acceptance and Registration)<\/h4>\t\t\t\t\t\t<div class=\"info-box-inner reset-last-child\"><\/p>\n<ul type=\"disc\">\n<li class=\"x_MsoNormal\" style=\"text-align: left;\" data-olk-copy-source=\"MessageBody\">Product serial number \/ model \/ OEM reference code identification.<\/li>\n<li class=\"x_MsoNormal\" style=\"text-align: left;\">Creating a barcoded work order<\/li>\n<li class=\"x_MsoNormal\" style=\"text-align: left;\">Digital traceability system (traceability ID)<\/li>\n<li class=\"x_MsoNormal\" style=\"text-align: left;\">Technical record of customer complaint parameters<\/li>\n<li class=\"x_MsoNormal\" style=\"text-align: left;\">Preliminary visual damage assessment<\/li>\n<li class=\"x_MsoNormal\" style=\"text-align: left;\">Physical integrity check<\/li>\n<li class=\"x_MsoNormal\" style=\"text-align: left;\">Part entry photography and recording<\/li>\n<\/ul>\n<p>\n<\/div>\n\n\t\t\t\t\t\t\t\t\t\t\t<\/div>\n\n\t\t\t\t\t\t\t\t\t\t\t<a class=\"wd-info-box-link wd-fill\" aria-label=\"Infobox link\" href=\"#\" title=\"\"><\/a>\n\t\t\t\t\t\n\t\t\t\t\t<style><\/style>\t\t\t\t<\/div>\n\t\t\t<\/div>\n\t\t<\/div><\/div><\/div><div class=\"wpb_column vc_column_container vc_col-sm-4\"><div class=\"vc_column-inner\"><div class=\"wpb_wrapper\">\t\t\t<div class=\"info-box-wrapper\">\n\t\t\t\t<div id=\"wd-6983091b0092d\" class=\"wd-animation wd-transform wd-animation-left-flip-y wd-animation-normal wd-rs-6983091b0092d wd-info-box wd-wpb text-center box-icon-align-top box-style-shadow color-scheme-dark wd-bg-none vc_custom_1770195231931\">\n\t\t\t\t\t\t\t\t\t\t\t<div class=\"box-icon-wrapper  box-with-text text-size-small box-icon-with-border\">\n\t\t\t\t\t\t\t<div class=\"info-box-icon\">\n\n\t\t\t\t\t\t\t\t\t\t\t\t\t\t\t2\t\t\t\t\t\t\t\n\t\t\t\t\t\t\t<\/div>\n\t\t\t\t\t\t<\/div>\n\t\t\t\t\t\t\t\t\t\t<div class=\"info-box-content\">\n\t\t\t\t\t\t<h4 class=\"info-box-title title wd-font-weight-800 box-title-style-default wd-fontsize-m\">Disassembly (Removal)<\/h4>\t\t\t\t\t\t<div class=\"info-box-inner reset-last-child\"><\/p>\n<ul type=\"disc\">\n<li class=\"x_MsoNormal\" style=\"text-align: left;\" data-olk-copy-source=\"MessageBody\">Torque-controlled disassembly<\/li>\n<li class=\"x_MsoNormal\" style=\"text-align: left;\">Fuselage-shaft-propeller separation<\/li>\n<li class=\"x_MsoNormal\" style=\"text-align: left;\">Deformation control of bushing housings.<\/li>\n<li class=\"x_MsoNormal\" style=\"text-align: left;\">Body crack inspection<\/li>\n<li class=\"x_MsoNormal\" style=\"text-align: left;\">Exhaust and intake housing thermal damage inspection.<\/li>\n<li class=\"x_MsoNormal\" style=\"text-align: left;\">Surface integrity analysis of sealing surfaces<\/li>\n<li class=\"x_MsoNormal\" style=\"text-align: left;\">Part classification<\/li>\n<\/ul>\n<p>\n<\/div>\n\n\t\t\t\t\t\t\t\t\t\t\t<\/div>\n\n\t\t\t\t\t\t\t\t\t\t\t<a class=\"wd-info-box-link wd-fill\" aria-label=\"Infobox link\" href=\"#\" title=\"\"><\/a>\n\t\t\t\t\t\n\t\t\t\t\t<style><\/style>\t\t\t\t<\/div>\n\t\t\t<\/div>\n\t\t<\/div><\/div><\/div><div class=\"wpb_column vc_column_container vc_col-sm-4\"><div class=\"vc_column-inner\"><div class=\"wpb_wrapper\">\t\t\t<div class=\"info-box-wrapper\">\n\t\t\t\t<div id=\"wd-698309235e8dd\" class=\"wd-animation wd-transform wd-animation-left-flip-y wd-animation-normal wd-rs-698309235e8dd wd-info-box wd-wpb text-center box-icon-align-top box-style-shadow color-scheme-dark wd-bg-none vc_custom_1770195237424\">\n\t\t\t\t\t\t\t\t\t\t\t<div class=\"box-icon-wrapper  box-with-text text-size-small box-icon-with-border\">\n\t\t\t\t\t\t\t<div class=\"info-box-icon\">\n\n\t\t\t\t\t\t\t\t\t\t\t\t\t\t\t3\t\t\t\t\t\t\t\n\t\t\t\t\t\t\t<\/div>\n\t\t\t\t\t\t<\/div>\n\t\t\t\t\t\t\t\t\t\t<div class=\"info-box-content\">\n\t\t\t\t\t\t<h4 class=\"info-box-title title wd-font-weight-900 box-title-style-default wd-fontsize-m\">Fault Analysis<\/h4>\t\t\t\t\t\t<div class=\"info-box-inner reset-last-child\"><\/p>\n<ul type=\"disc\">\n<li class=\"x_MsoNormal\" style=\"text-align: left;\" data-olk-copy-source=\"MessageBody\">Bushing housing inner diameter measurement<\/li>\n<li class=\"x_MsoNormal\" style=\"text-align: left;\">Shaft outer diameter measurement<\/li>\n<li class=\"x_MsoNormal\" style=\"text-align: left;\">Spindle misalignment measurement<\/li>\n<li class=\"x_MsoNormal\" style=\"text-align: left;\">Propeller balance distortion analysis<\/li>\n<li class=\"x_MsoNormal\" style=\"text-align: left;\">Burn mark inspection<\/li>\n<li class=\"x_MsoNormal\" style=\"text-align: left;\">Lubrication channel blockage analysis<\/li>\n<li class=\"x_MsoNormal\" style=\"text-align: left;\">Foreign body damage examination<\/li>\n<li class=\"x_MsoNormal\" style=\"text-align: left;\">Thermal deformation detection<\/li>\n<li class=\"x_MsoNormal\" style=\"text-align: left;\">Root cause classification<\/li>\n<\/ul>\n<p>\n<\/div>\n\n\t\t\t\t\t\t\t\t\t\t\t<\/div>\n\n\t\t\t\t\t\t\t\t\t\t\t<a class=\"wd-info-box-link wd-fill\" aria-label=\"Infobox link\" href=\"#\" title=\"\"><\/a>\n\t\t\t\t\t\n\t\t\t\t\t<style><\/style>\t\t\t\t<\/div>\n\t\t\t<\/div>\n\t\t<\/div><\/div><\/div><\/div><div class=\"vc_row wpb_row vc_inner vc_row-fluid vc_row-o-content-top vc_row-flex\"><div class=\"wpb_column vc_column_container vc_col-sm-4\"><div class=\"vc_column-inner\"><div class=\"wpb_wrapper\">\t\t\t<div class=\"info-box-wrapper\">\n\t\t\t\t<div id=\"wd-69830929858fd\" class=\"wd-animation wd-transform wd-animation-left-flip-y wd-animation-normal wd-rs-69830929858fd wd-info-box wd-wpb text-center box-icon-align-top box-style-shadow color-scheme-dark wd-bg-none vc_custom_1770195243823\">\n\t\t\t\t\t\t\t\t\t\t\t<div class=\"box-icon-wrapper  box-with-text text-size-small box-icon-with-border\">\n\t\t\t\t\t\t\t<div class=\"info-box-icon\">\n\n\t\t\t\t\t\t\t\t\t\t\t\t\t\t\t4\t\t\t\t\t\t\t\n\t\t\t\t\t\t\t<\/div>\n\t\t\t\t\t\t<\/div>\n\t\t\t\t\t\t\t\t\t\t<div class=\"info-box-content\">\n\t\t\t\t\t\t<h4 class=\"info-box-title title wd-font-weight-900 box-title-style-default wd-fontsize-m\">Cleaning<\/h4>\t\t\t\t\t\t<div class=\"info-box-inner reset-last-child\"><\/p>\n<ul type=\"disc\">\n<li class=\"x_MsoNormal\" style=\"text-align: left;\" data-olk-copy-source=\"MessageBody\">Cleaning with chemical baths<\/li>\n<li class=\"x_MsoNormal\" style=\"text-align: left;\">Ultrasonic cleaning<\/li>\n<li class=\"x_MsoNormal\" style=\"text-align: left;\">Carbon dissolving process<\/li>\n<li class=\"x_MsoNormal\" style=\"text-align: left;\">Micro sandblasting (without damaging the part)<\/li>\n<li class=\"x_MsoNormal\" style=\"text-align: left;\">Surface oxide removal<\/li>\n<li class=\"x_MsoNormal\" style=\"text-align: left;\">Internal channel cleaning<\/li>\n<\/ul>\n<p>\n<\/div>\n\n\t\t\t\t\t\t\t\t\t\t\t<\/div>\n\n\t\t\t\t\t\t\t\t\t\t\t<a class=\"wd-info-box-link wd-fill\" aria-label=\"Infobox link\" href=\"#\" title=\"\"><\/a>\n\t\t\t\t\t\n\t\t\t\t\t<style><\/style>\t\t\t\t<\/div>\n\t\t\t<\/div>\n\t\t<\/div><\/div><\/div><div class=\"wpb_column vc_column_container vc_col-sm-4\"><div class=\"vc_column-inner\"><div class=\"wpb_wrapper\">\t\t\t<div class=\"info-box-wrapper\">\n\t\t\t\t<div id=\"wd-69830959414b9\" class=\"wd-animation wd-transform wd-animation-left-flip-y wd-animation-normal wd-rs-69830959414b9 wd-info-box wd-wpb text-center box-icon-align-top box-style-shadow color-scheme-dark wd-bg-none vc_custom_1770195292879\">\n\t\t\t\t\t\t\t\t\t\t\t<div class=\"box-icon-wrapper  box-with-text text-size-small box-icon-with-border\">\n\t\t\t\t\t\t\t<div class=\"info-box-icon\">\n\n\t\t\t\t\t\t\t\t\t\t\t\t\t\t\t5\t\t\t\t\t\t\t\n\t\t\t\t\t\t\t<\/div>\n\t\t\t\t\t\t<\/div>\n\t\t\t\t\t\t\t\t\t\t<div class=\"info-box-content\">\n\t\t\t\t\t\t<h4 class=\"info-box-title title wd-font-weight-900 box-title-style-default wd-fontsize-m\">Parts Replacement<\/h4>\t\t\t\t\t\t<div class=\"info-box-inner reset-last-child\"><\/p>\n<ul type=\"disc\">\n<li class=\"x_MsoNormal\" style=\"text-align: left;\" data-olk-copy-source=\"MessageBody\">Zodiac sign set replacement<\/li>\n<li class=\"x_MsoNormal\" style=\"text-align: left;\">Bed surface tolerance adjustment<\/li>\n<li class=\"x_MsoNormal\" style=\"text-align: left;\">Felt and sealing elements<\/li>\n<li class=\"x_MsoNormal\" style=\"text-align: left;\">Spindle grinding\/replacement<\/li>\n<li class=\"x_MsoNormal\" style=\"text-align: left;\">Propeller inspection\/replacement<\/li>\n<li class=\"x_MsoNormal\" style=\"text-align: left;\">OEM compatible part standard<\/li>\n<\/ul>\n<p>\n<\/div>\n\n\t\t\t\t\t\t\t\t\t\t\t<\/div>\n\n\t\t\t\t\t\t\t\t\t\t\t<a class=\"wd-info-box-link wd-fill\" aria-label=\"Infobox link\" href=\"#\" title=\"\"><\/a>\n\t\t\t\t\t\n\t\t\t\t\t<style><\/style>\t\t\t\t<\/div>\n\t\t\t<\/div>\n\t\t<\/div><\/div><\/div><div class=\"wpb_column vc_column_container vc_col-sm-4\"><div class=\"vc_column-inner\"><div class=\"wpb_wrapper\">\t\t\t<div class=\"info-box-wrapper\">\n\t\t\t\t<div id=\"wd-69830960998f1\" class=\"wd-animation wd-transform wd-animation-left-flip-y wd-animation-normal wd-rs-69830960998f1 wd-info-box wd-wpb text-center box-icon-align-top box-style-shadow color-scheme-dark wd-bg-none vc_custom_1770195299952\">\n\t\t\t\t\t\t\t\t\t\t\t<div class=\"box-icon-wrapper  box-with-text text-size-small box-icon-with-border\">\n\t\t\t\t\t\t\t<div class=\"info-box-icon\">\n\n\t\t\t\t\t\t\t\t\t\t\t\t\t\t\t6\t\t\t\t\t\t\t\n\t\t\t\t\t\t\t<\/div>\n\t\t\t\t\t\t<\/div>\n\t\t\t\t\t\t\t\t\t\t<div class=\"info-box-content\">\n\t\t\t\t\t\t<h4 class=\"info-box-title title wd-font-weight-900 box-title-style-default wd-fontsize-m\">Balance<\/h4>\t\t\t\t\t\t<div class=\"info-box-inner reset-last-child\"><\/p>\n<ul type=\"disc\">\n<li class=\"x_MsoNormal\" style=\"text-align: left;\" data-olk-copy-source=\"MessageBody\">Front balance<\/li>\n<li class=\"x_MsoNormal\" style=\"text-align: left;\">Dynamic balance<\/li>\n<li class=\"x_MsoNormal\" style=\"text-align: left;\">VSR 400 testing machine<\/li>\n<li class=\"x_MsoNormal\" style=\"text-align: left;\">300,000 rpm test<\/li>\n<li class=\"x_MsoNormal\" style=\"text-align: left;\">High-speed vibration analysis<\/li>\n<li class=\"x_MsoNormal\" style=\"text-align: left;\">ISO balance tolerance control<\/li>\n<\/ul>\n<p>\n<\/div>\n\n\t\t\t\t\t\t\t\t\t\t\t<\/div>\n\n\t\t\t\t\t\t\t\t\t\t\t<a class=\"wd-info-box-link wd-fill\" aria-label=\"Infobox link\" href=\"#\" title=\"\"><\/a>\n\t\t\t\t\t\n\t\t\t\t\t<style><\/style>\t\t\t\t<\/div>\n\t\t\t<\/div>\n\t\t<\/div><\/div><\/div><\/div><div class=\"vc_row wpb_row vc_inner vc_row-fluid vc_row-o-content-top vc_row-flex\"><div class=\"wpb_column vc_column_container vc_col-sm-4\"><div class=\"vc_column-inner\"><div class=\"wpb_wrapper\">\t\t\t<div class=\"info-box-wrapper\">\n\t\t\t\t<div id=\"wd-6983093fbdc24\" class=\"wd-animation wd-transform wd-animation-left-flip-y wd-animation-normal wd-rs-6983093fbdc24 wd-info-box wd-wpb text-center box-icon-align-top box-style-shadow color-scheme-dark wd-bg-none vc_custom_1770195266304\">\n\t\t\t\t\t\t\t\t\t\t\t<div class=\"box-icon-wrapper  box-with-text text-size-small box-icon-with-border\">\n\t\t\t\t\t\t\t<div class=\"info-box-icon\">\n\n\t\t\t\t\t\t\t\t\t\t\t\t\t\t\t7\t\t\t\t\t\t\t\n\t\t\t\t\t\t\t<\/div>\n\t\t\t\t\t\t<\/div>\n\t\t\t\t\t\t\t\t\t\t<div class=\"info-box-content\">\n\t\t\t\t\t\t<h4 class=\"info-box-title title wd-font-weight-900 box-title-style-default wd-fontsize-m\">Assembly<\/h4>\t\t\t\t\t\t<div class=\"info-box-inner reset-last-child\"><\/p>\n<ul type=\"disc\">\n<li class=\"x_MsoNormal\" style=\"text-align: left;\" data-olk-copy-source=\"MessageBody\">Torque-controlled assembly<\/li>\n<li class=\"x_MsoNormal\" style=\"text-align: left;\">Precision tolerance assembly<\/li>\n<li class=\"x_MsoNormal\" style=\"text-align: left;\">Spindle axis alignment<\/li>\n<li class=\"x_MsoNormal\" style=\"text-align: left;\">Free rotation test<\/li>\n<li class=\"x_MsoNormal\" style=\"text-align: left;\">Mechanical friction measurement<\/li>\n<\/ul>\n<p>\n<\/div>\n\n\t\t\t\t\t\t\t\t\t\t\t<\/div>\n\n\t\t\t\t\t\t\t\t\t\t\t<a class=\"wd-info-box-link wd-fill\" aria-label=\"Infobox link\" href=\"#\" title=\"\"><\/a>\n\t\t\t\t\t\n\t\t\t\t\t<style><\/style>\t\t\t\t<\/div>\n\t\t\t<\/div>\n\t\t<\/div><\/div><\/div><div class=\"wpb_column vc_column_container vc_col-sm-4\"><div class=\"vc_column-inner\"><div class=\"wpb_wrapper\">\t\t\t<div class=\"info-box-wrapper\">\n\t\t\t\t<div id=\"wd-698309457b67d\" class=\"wd-animation wd-transform wd-animation-left-flip-y wd-animation-normal wd-rs-698309457b67d wd-info-box wd-wpb text-center box-icon-align-top box-style-shadow color-scheme-dark wd-bg-none vc_custom_1770195272837\">\n\t\t\t\t\t\t\t\t\t\t\t<div class=\"box-icon-wrapper  box-with-text text-size-small box-icon-with-border\">\n\t\t\t\t\t\t\t<div class=\"info-box-icon\">\n\n\t\t\t\t\t\t\t\t\t\t\t\t\t\t\t8\t\t\t\t\t\t\t\n\t\t\t\t\t\t\t<\/div>\n\t\t\t\t\t\t<\/div>\n\t\t\t\t\t\t\t\t\t\t<div class=\"info-box-content\">\n\t\t\t\t\t\t<h4 class=\"info-box-title title wd-font-weight-900 box-title-style-default wd-fontsize-m\">Working Conditions Tests<\/h4>\t\t\t\t\t\t<div class=\"info-box-inner reset-last-child\"><\/p>\n<ul type=\"disc\">\n<li class=\"x_MsoNormal\" style=\"text-align: left;\" data-olk-copy-source=\"MessageBody\">Complete dynamometer tests<\/li>\n<li class=\"x_MsoNormal\" style=\"text-align: left;\">Simulation of real operating conditions.<\/li>\n<li class=\"x_MsoNormal\" style=\"text-align: left;\">Pressure tests<\/li>\n<li class=\"x_MsoNormal\" style=\"text-align: left;\">Lubrication simulation<\/li>\n<li class=\"x_MsoNormal\" style=\"text-align: left;\">Thermal load simulation<\/li>\n<li class=\"x_MsoNormal\" style=\"text-align: left;\">Performance curve validation<\/li>\n<\/ul>\n<p>\n<\/div>\n\n\t\t\t\t\t\t\t\t\t\t\t<\/div>\n\n\t\t\t\t\t\t\t\t\t\t\t<a class=\"wd-info-box-link wd-fill\" aria-label=\"Infobox link\" href=\"#\" title=\"\"><\/a>\n\t\t\t\t\t\n\t\t\t\t\t<style><\/style>\t\t\t\t<\/div>\n\t\t\t<\/div>\n\t\t<\/div><\/div><\/div><div class=\"wpb_column vc_column_container vc_col-sm-4\"><div class=\"vc_column-inner\"><div class=\"wpb_wrapper\">\t\t\t<div class=\"info-box-wrapper\">\n\t\t\t\t<div id=\"wd-6983094cafdf9\" class=\"wd-animation wd-transform wd-animation-left-flip-y wd-animation-normal wd-rs-6983094cafdf9 wd-info-box wd-wpb text-center box-icon-align-top box-style-shadow color-scheme-dark wd-bg-none vc_custom_1770195280794\">\n\t\t\t\t\t\t\t\t\t\t\t<div class=\"box-icon-wrapper  box-with-text text-size-small box-icon-with-border\">\n\t\t\t\t\t\t\t<div class=\"info-box-icon\">\n\n\t\t\t\t\t\t\t\t\t\t\t\t\t\t\t9\t\t\t\t\t\t\t\n\t\t\t\t\t\t\t<\/div>\n\t\t\t\t\t\t<\/div>\n\t\t\t\t\t\t\t\t\t\t<div class=\"info-box-content\">\n\t\t\t\t\t\t<h4 class=\"info-box-title title wd-font-weight-900 box-title-style-default wd-fontsize-m\">Reporting<\/h4>\t\t\t\t\t\t<div class=\"info-box-inner reset-last-child\"><\/p>\n<ul type=\"disc\">\n<li class=\"x_MsoNormal\" style=\"text-align: left;\" data-olk-copy-source=\"MessageBody\">Technical revision report<\/li>\n<li class=\"x_MsoNormal\" style=\"text-align: left;\">Measurement results documentation<\/li>\n<li class=\"x_MsoNormal\" style=\"text-align: left;\">Balance test report<\/li>\n<li class=\"x_MsoNormal\" style=\"text-align: left;\">VSR test outputs<\/li>\n<li class=\"x_MsoNormal\" style=\"text-align: left;\">Dynamometer test data<\/li>\n<li class=\"x_MsoNormal\" style=\"text-align: left;\">Parts replacement list<\/li>\n<li class=\"x_MsoNormal\" style=\"text-align: left;\">Warranty certificate<\/li>\n<\/ul>\n<p>\n<\/div>\n\n\t\t\t\t\t\t\t\t\t\t\t<\/div>\n\n\t\t\t\t\t\t\t\t\t\t\t<a class=\"wd-info-box-link wd-fill\" aria-label=\"Infobox link\" href=\"#\" title=\"\"><\/a>\n\t\t\t\t\t\n\t\t\t\t\t<style><\/style>\t\t\t\t<\/div>\n\t\t\t<\/div>\n\t\t<\/div><\/div><\/div><\/div><\/div><\/div><\/div><\/div>\n<\/div>","protected":false},"excerpt":{"rendered":"1 Kar\u015f\u0131lama (\u00dcr\u00fcn Kabul ve Kay\u0131t) \u00dcr\u00fcn seri no \/ model \/ OEM referans kodu tan\u0131mlama Barkodlu i\u015f emri olu\u015fturma","protected":false},"author":1,"featured_media":0,"parent":0,"menu_order":0,"comment_status":"closed","ping_status":"closed","template":"","meta":{"footnotes":""},"class_list":["post-10609","page","type-page","status-publish","hentry"],"_links":{"self":[{"href":"https:\/\/www.revmer.eu\/en\/wp-json\/wp\/v2\/pages\/10609","targetHints":{"allow":["GET"]}}],"collection":[{"href":"https:\/\/www.revmer.eu\/en\/wp-json\/wp\/v2\/pages"}],"about":[{"href":"https:\/\/www.revmer.eu\/en\/wp-json\/wp\/v2\/types\/page"}],"author":[{"embeddable":true,"href":"https:\/\/www.revmer.eu\/en\/wp-json\/wp\/v2\/users\/1"}],"replies":[{"embeddable":true,"href":"https:\/\/www.revmer.eu\/en\/wp-json\/wp\/v2\/comments?post=10609"}],"version-history":[{"count":24,"href":"https:\/\/www.revmer.eu\/en\/wp-json\/wp\/v2\/pages\/10609\/revisions"}],"predecessor-version":[{"id":10726,"href":"https:\/\/www.revmer.eu\/en\/wp-json\/wp\/v2\/pages\/10609\/revisions\/10726"}],"wp:attachment":[{"href":"https:\/\/www.revmer.eu\/en\/wp-json\/wp\/v2\/media?parent=10609"}],"curies":[{"name":"wp","href":"https:\/\/api.w.org\/{rel}","templated":true}]}}