{"id":10657,"date":"2026-01-22T15:17:56","date_gmt":"2026-01-22T12:17:56","guid":{"rendered":"https:\/\/baysajans.com\/revmer\/?page_id=10657"},"modified":"2026-01-22T17:21:54","modified_gmt":"2026-01-22T14:21:54","slug":"turbo-revizyon-asamalari","status":"publish","type":"page","link":"https:\/\/www.revmer.eu\/en\/turbo-revizyon-asamalari\/","title":{"rendered":"Turbo Revizyon A\u015famalar\u0131"},"content":{"rendered":"<div class=\"wpb-content-wrapper\"><div class=\"vc_row wpb_row vc_row-fluid\"><div class=\"wpb_column vc_column_container vc_col-sm-6\"><div class=\"vc_column-inner\"><div class=\"wpb_wrapper\">\t\t\t<div class=\"info-box-wrapper\">\n\t\t\t\t<div id=\"wd-697218f7152f6\" class=\"wd-rs-697218f7152f6 wd-info-box wd-wpb text-center box-icon-align-top box-style-border color-scheme- wd-bg-none\">\n\t\t\t\t\t\t\t\t\t\t\t<div class=\"box-icon-wrapper  box-with-icon box-icon-simple\">\n\t\t\t\t\t\t\t<div class=\"info-box-icon\">\n\n\t\t\t\t\t\t\t\n\t\t\t\t\t\t\t\t\t\t\t\t\t\t\t\t\t<img loading=\"lazy\" decoding=\"async\" width=\"50\" height=\"56\" src=\"https:\/\/www.revmer.eu\/wp-content\/uploads\/2026\/01\/turbo-50x56.png\" class=\"attachment-50x56 size-50x56\" alt=\"\" srcset=\"https:\/\/www.revmer.eu\/wp-content\/uploads\/2026\/01\/turbo-50x56.png 50w, https:\/\/www.revmer.eu\/wp-content\/uploads\/2026\/01\/turbo.png 179w\" sizes=\"auto, (max-width: 50px) 100vw, 50px\" \/>\t\t\t\t\t\t\t\t\t\t\t\t\t\t\t\n\t\t\t\t\t\t\t<\/div>\n\t\t\t\t\t\t<\/div>\n\t\t\t\t\t\t\t\t\t\t<div class=\"info-box-content\">\n\t\t\t\t\t\t<h4 class=\"info-box-title title box-title-style-default wd-fontsize-m\">Turbo Kabul ve \u00d6n \u0130nceleme<\/h4>\t\t\t\t\t\t<div class=\"info-box-inner reset-last-child\"><\/p>\n<ul>\n<li style=\"text-align: left;\">Turbo servise ula\u015ft\u0131\u011f\u0131nda\u00a0<strong>par\u00e7a kodu<\/strong>,\u00a0<strong>OEM numaras\u0131<\/strong>\u00a0ve\u00a0<strong>m\u00fc\u015fteri \u015fik\u00e2yeti<\/strong>\u00a0kay\u0131t alt\u0131na al\u0131n\u0131r<\/li>\n<li style=\"text-align: left;\">G\u00f6rsel hasar, ya\u011f ka\u00e7a\u011f\u0131, k\u0131r\u0131k kanat ve mil bo\u015flu\u011fu kontrol edilir<\/li>\n<li style=\"text-align: left;\">Revizyon mu, par\u00e7a de\u011fi\u015fimi mi gerekti\u011fi \u00f6n analizle belirlenir<\/li>\n<\/ul>\n<p>\n<\/div>\n\n\t\t\t\t\t\t\t\t\t\t\t<\/div>\n\n\t\t\t\t\t\n\t\t\t\t\t\t\t\t\t<\/div>\n\t\t\t<\/div>\n\t\t<\/div><\/div><\/div><div class=\"wpb_column vc_column_container vc_col-sm-6\"><div class=\"vc_column-inner\"><div class=\"wpb_wrapper\">\t\t\t<div class=\"info-box-wrapper\">\n\t\t\t\t<div id=\"wd-69721af6c1558\" class=\"wd-rs-69721af6c1558 wd-info-box wd-wpb text-center box-icon-align-top box-style-border color-scheme- wd-bg-none\">\n\t\t\t\t\t\t\t\t\t\t\t<div class=\"box-icon-wrapper  box-with-icon box-icon-simple\">\n\t\t\t\t\t\t\t<div class=\"info-box-icon\">\n\n\t\t\t\t\t\t\t\n\t\t\t\t\t\t\t\t\t\t\t\t\t\t\t\t\t<img loading=\"lazy\" decoding=\"async\" width=\"50\" height=\"56\" src=\"https:\/\/www.revmer.eu\/wp-content\/uploads\/2026\/01\/turbo-50x56.png\" class=\"attachment-50x56 size-50x56\" alt=\"\" srcset=\"https:\/\/www.revmer.eu\/wp-content\/uploads\/2026\/01\/turbo-50x56.png 50w, https:\/\/www.revmer.eu\/wp-content\/uploads\/2026\/01\/turbo.png 179w\" sizes=\"auto, (max-width: 50px) 100vw, 50px\" \/>\t\t\t\t\t\t\t\t\t\t\t\t\t\t\t\n\t\t\t\t\t\t\t<\/div>\n\t\t\t\t\t\t<\/div>\n\t\t\t\t\t\t\t\t\t\t<div class=\"info-box-content\">\n\t\t\t\t\t\t<h4 class=\"info-box-title title box-title-style-default wd-fontsize-m\">Turbo S\u00f6k\u00fcm<\/h4>\t\t\t\t\t\t<div class=\"info-box-inner reset-last-child\"><\/p>\n<ul>\n<li style=\"text-align: left;\">Turbo tamamen par\u00e7alar\u0131na ayr\u0131l\u0131r<\/li>\n<li style=\"text-align: left;\">G\u00f6vde, mil, kanatlar, yataklar ve segmanlar\u00a0<strong>ayr\u0131 ayr\u0131 s\u0131n\u0131fland\u0131r\u0131l\u0131r<\/strong><\/li>\n<li style=\"text-align: left;\">Yeniden kullan\u0131m\u0131 m\u00fcmk\u00fcn olmayan par\u00e7alar i\u015faretlenir<\/li>\n<\/ul>\n<p>\n<\/div>\n\n\t\t\t\t\t\t\t\t\t\t\t<\/div>\n\n\t\t\t\t\t\n\t\t\t\t\t\t\t\t\t<\/div>\n\t\t\t<\/div>\n\t\t<\/div><\/div><\/div><\/div><div class=\"vc_row wpb_row vc_row-fluid\"><div class=\"wpb_column vc_column_container vc_col-sm-6\"><div class=\"vc_column-inner\"><div class=\"wpb_wrapper\">\t\t\t<div class=\"info-box-wrapper\">\n\t\t\t\t<div id=\"wd-69722e5859006\" class=\"wd-rs-69722e5859006 wd-info-box wd-wpb text-center box-icon-align-top box-style-border color-scheme- wd-bg-none\">\n\t\t\t\t\t\t\t\t\t\t\t<div class=\"box-icon-wrapper  box-with-icon box-icon-simple\">\n\t\t\t\t\t\t\t<div class=\"info-box-icon\">\n\n\t\t\t\t\t\t\t\n\t\t\t\t\t\t\t\t\t\t\t\t\t\t\t\t\t<img loading=\"lazy\" decoding=\"async\" width=\"50\" height=\"56\" src=\"https:\/\/www.revmer.eu\/wp-content\/uploads\/2026\/01\/turbo-50x56.png\" class=\"attachment-50x56 size-50x56\" alt=\"\" srcset=\"https:\/\/www.revmer.eu\/wp-content\/uploads\/2026\/01\/turbo-50x56.png 50w, https:\/\/www.revmer.eu\/wp-content\/uploads\/2026\/01\/turbo.png 179w\" sizes=\"auto, (max-width: 50px) 100vw, 50px\" \/>\t\t\t\t\t\t\t\t\t\t\t\t\t\t\t\n\t\t\t\t\t\t\t<\/div>\n\t\t\t\t\t\t<\/div>\n\t\t\t\t\t\t\t\t\t\t<div class=\"info-box-content\">\n\t\t\t\t\t\t<h4 class=\"info-box-title title box-title-style-default wd-fontsize-m\">Detayl\u0131 Temizlik ve Kumlama<\/h4>\t\t\t\t\t\t<div class=\"info-box-inner reset-last-child\"><\/p>\n<ul>\n<li style=\"text-align: left;\">Par\u00e7alar\u00a0<strong>ultrasonik temizlik<\/strong>,\u00a0<strong>kimyasal banyo<\/strong>\u00a0veya\u00a0<strong>kumlama<\/strong>\u00a0i\u015fleminden ge\u00e7irilir<\/li>\n<li style=\"text-align: left;\">Karbon, kurum ve ya\u011f kal\u0131nt\u0131lar\u0131 tamamen temizlenir<\/li>\n<li style=\"text-align: left;\">G\u00f6vde i\u00e7i kanallar %100 a\u00e7\u0131l\u0131r<\/li>\n<\/ul>\n<p>\n<\/div>\n\n\t\t\t\t\t\t\t\t\t\t\t<\/div>\n\n\t\t\t\t\t\n\t\t\t\t\t\t\t\t\t<\/div>\n\t\t\t<\/div>\n\t\t<\/div><\/div><\/div><div class=\"wpb_column vc_column_container vc_col-sm-6\"><div class=\"vc_column-inner\"><div class=\"wpb_wrapper\">\t\t\t<div class=\"info-box-wrapper\">\n\t\t\t\t<div id=\"wd-69722e712bc0a\" class=\"wd-rs-69722e712bc0a wd-info-box wd-wpb text-center box-icon-align-top box-style-border color-scheme- wd-bg-none\">\n\t\t\t\t\t\t\t\t\t\t\t<div class=\"box-icon-wrapper  box-with-icon box-icon-simple\">\n\t\t\t\t\t\t\t<div class=\"info-box-icon\">\n\n\t\t\t\t\t\t\t\n\t\t\t\t\t\t\t\t\t\t\t\t\t\t\t\t\t<img loading=\"lazy\" decoding=\"async\" width=\"50\" height=\"56\" src=\"https:\/\/www.revmer.eu\/wp-content\/uploads\/2026\/01\/turbo-50x56.png\" class=\"attachment-50x56 size-50x56\" alt=\"\" srcset=\"https:\/\/www.revmer.eu\/wp-content\/uploads\/2026\/01\/turbo-50x56.png 50w, https:\/\/www.revmer.eu\/wp-content\/uploads\/2026\/01\/turbo.png 179w\" sizes=\"auto, (max-width: 50px) 100vw, 50px\" \/>\t\t\t\t\t\t\t\t\t\t\t\t\t\t\t\n\t\t\t\t\t\t\t<\/div>\n\t\t\t\t\t\t<\/div>\n\t\t\t\t\t\t\t\t\t\t<div class=\"info-box-content\">\n\t\t\t\t\t\t<h4 class=\"info-box-title title box-title-style-default wd-fontsize-m\">Hassas \u00d6l\u00e7\u00fcm ve Teknik Kontroller<\/h4>\t\t\t\t\t\t<div class=\"info-box-inner reset-last-child\"><\/p>\n<ul>\n<li>Mil \u00e7ap\u0131, yatak yuvalar\u0131 ve toleranslar\u00a0<strong>mikrometre ve dijital \u00f6l\u00e7\u00fcm cihazlar\u0131yla<\/strong>\u00a0\u00f6l\u00e7\u00fcl\u00fcr<\/li>\n<li>G\u00f6vde \u00e7atlak testi (crack test) yap\u0131l\u0131r<\/li>\n<li>Deformasyon veya balans bozucu hasarlar tespit edilir<\/li>\n<\/ul>\n<p>\n<\/div>\n\n\t\t\t\t\t\t\t\t\t\t\t<\/div>\n\n\t\t\t\t\t\n\t\t\t\t\t\t\t\t\t<\/div>\n\t\t\t<\/div>\n\t\t<\/div><\/div><\/div><\/div><div class=\"vc_row wpb_row vc_row-fluid\"><div class=\"wpb_column vc_column_container vc_col-sm-6\"><div class=\"vc_column-inner\"><div class=\"wpb_wrapper\">\t\t\t<div class=\"info-box-wrapper\">\n\t\t\t\t<div id=\"wd-697232557fef8\" class=\"wd-rs-697232557fef8 wd-info-box wd-wpb text-center box-icon-align-top box-style-border color-scheme- wd-bg-none\">\n\t\t\t\t\t\t\t\t\t\t\t<div class=\"box-icon-wrapper  box-with-icon box-icon-simple\">\n\t\t\t\t\t\t\t<div class=\"info-box-icon\">\n\n\t\t\t\t\t\t\t\n\t\t\t\t\t\t\t\t\t\t\t\t\t\t\t\t\t<img loading=\"lazy\" decoding=\"async\" width=\"50\" height=\"56\" src=\"https:\/\/www.revmer.eu\/wp-content\/uploads\/2026\/01\/turbo-50x56.png\" class=\"attachment-50x56 size-50x56\" alt=\"\" srcset=\"https:\/\/www.revmer.eu\/wp-content\/uploads\/2026\/01\/turbo-50x56.png 50w, https:\/\/www.revmer.eu\/wp-content\/uploads\/2026\/01\/turbo.png 179w\" sizes=\"auto, (max-width: 50px) 100vw, 50px\" \/>\t\t\t\t\t\t\t\t\t\t\t\t\t\t\t\n\t\t\t\t\t\t\t<\/div>\n\t\t\t\t\t\t<\/div>\n\t\t\t\t\t\t\t\t\t\t<div class=\"info-box-content\">\n\t\t\t\t\t\t<h4 class=\"info-box-title title box-title-style-default wd-fontsize-m\">A\u015f\u0131nm\u0131\u015f Par\u00e7alar\u0131n De\u011fi\u015fimi<\/h4>\t\t\t\t\t\t<div class=\"info-box-inner reset-last-child\"><\/p>\n<table border=\"0\">\n<tbody>\n<tr>\n<td>A\u015fa\u011f\u0131daki par\u00e7alar\u00a0<strong>standart olarak yenilenir<\/strong>:<\/p>\n<ul>\n<li>Yatak seti<\/li>\n<li>Segmanlar<\/li>\n<li>Contalar<\/li>\n<li>O-ringler<\/li>\n<\/ul>\n<\/td>\n<td>Gerekirse:<\/p>\n<ul>\n<li>Mil<\/li>\n<li>T\u00fcrbin \/ kompres\u00f6r kanad\u0131<\/li>\n<li>Nozzle ring (VGT sistemlerde)<\/li>\n<\/ul>\n<\/td>\n<\/tr>\n<\/tbody>\n<\/table>\n<p>\n<\/div>\n\n\t\t\t\t\t\t\t\t\t\t\t<\/div>\n\n\t\t\t\t\t\n\t\t\t\t\t\t\t\t\t<\/div>\n\t\t\t<\/div>\n\t\t<\/div><\/div><\/div><div class=\"wpb_column vc_column_container vc_col-sm-6\"><div class=\"vc_column-inner\"><div class=\"wpb_wrapper\">\t\t\t<div class=\"info-box-wrapper\">\n\t\t\t\t<div id=\"wd-697232414aec3\" class=\"wd-rs-697232414aec3 wd-info-box wd-wpb text-center box-icon-align-top box-style-border color-scheme- wd-bg-none\">\n\t\t\t\t\t\t\t\t\t\t\t<div class=\"box-icon-wrapper  box-with-icon box-icon-simple\">\n\t\t\t\t\t\t\t<div class=\"info-box-icon\">\n\n\t\t\t\t\t\t\t\n\t\t\t\t\t\t\t\t\t\t\t\t\t\t\t\t\t<img loading=\"lazy\" decoding=\"async\" width=\"50\" height=\"56\" src=\"https:\/\/www.revmer.eu\/wp-content\/uploads\/2026\/01\/turbo-50x56.png\" class=\"attachment-50x56 size-50x56\" alt=\"\" srcset=\"https:\/\/www.revmer.eu\/wp-content\/uploads\/2026\/01\/turbo-50x56.png 50w, https:\/\/www.revmer.eu\/wp-content\/uploads\/2026\/01\/turbo.png 179w\" sizes=\"auto, (max-width: 50px) 100vw, 50px\" \/>\t\t\t\t\t\t\t\t\t\t\t\t\t\t\t\n\t\t\t\t\t\t\t<\/div>\n\t\t\t\t\t\t<\/div>\n\t\t\t\t\t\t\t\t\t\t<div class=\"info-box-content\">\n\t\t\t\t\t\t<h4 class=\"info-box-title title box-title-style-default wd-fontsize-m\">Turbo Montaj\u0131<\/h4>\t\t\t\t\t\t<div class=\"info-box-inner reset-last-child\"><\/p>\n<ul>\n<li>Par\u00e7alar\u00a0<strong>\u00fcretici tork de\u011ferlerine<\/strong>\u00a0g\u00f6re birle\u015ftirilir<\/li>\n<li>Ya\u011flama kanallar\u0131 \u00f6zel montaj ya\u011f\u0131yla haz\u0131rlan\u0131r<\/li>\n<li>Mil d\u00f6n\u00fc\u015f\u00fc ve serbestli\u011fi elle ve cihazla kontrol edilir<\/li>\n<\/ul>\n<p>\n<\/div>\n\n\t\t\t\t\t\t\t\t\t\t\t<\/div>\n\n\t\t\t\t\t\n\t\t\t\t\t\t\t\t\t<\/div>\n\t\t\t<\/div>\n\t\t<\/div><\/div><\/div><\/div>\n<\/div>","protected":false},"excerpt":{"rendered":"Turbo Kabul ve \u00d6n \u0130nceleme Turbo servise ula\u015ft\u0131\u011f\u0131nda\u00a0par\u00e7a kodu,\u00a0OEM numaras\u0131\u00a0ve\u00a0m\u00fc\u015fteri \u015fik\u00e2yeti\u00a0kay\u0131t alt\u0131na al\u0131n\u0131r G\u00f6rsel hasar, ya\u011f ka\u00e7a\u011f\u0131, k\u0131r\u0131k kanat ve","protected":false},"author":1,"featured_media":0,"parent":0,"menu_order":0,"comment_status":"closed","ping_status":"closed","template":"","meta":{"footnotes":""},"class_list":["post-10657","page","type-page","status-publish","hentry"],"_links":{"self":[{"href":"https:\/\/www.revmer.eu\/en\/wp-json\/wp\/v2\/pages\/10657","targetHints":{"allow":["GET"]}}],"collection":[{"href":"https:\/\/www.revmer.eu\/en\/wp-json\/wp\/v2\/pages"}],"about":[{"href":"https:\/\/www.revmer.eu\/en\/wp-json\/wp\/v2\/types\/page"}],"author":[{"embeddable":true,"href":"https:\/\/www.revmer.eu\/en\/wp-json\/wp\/v2\/users\/1"}],"replies":[{"embeddable":true,"href":"https:\/\/www.revmer.eu\/en\/wp-json\/wp\/v2\/comments?post=10657"}],"version-history":[{"count":19,"href":"https:\/\/www.revmer.eu\/en\/wp-json\/wp\/v2\/pages\/10657\/revisions"}],"predecessor-version":[{"id":10679,"href":"https:\/\/www.revmer.eu\/en\/wp-json\/wp\/v2\/pages\/10657\/revisions\/10679"}],"wp:attachment":[{"href":"https:\/\/www.revmer.eu\/en\/wp-json\/wp\/v2\/media?parent=10657"}],"curies":[{"name":"wp","href":"https:\/\/api.w.org\/{rel}","templated":true}]}}