{"id":10708,"date":"2026-02-03T12:15:15","date_gmt":"2026-02-03T09:15:15","guid":{"rendered":"https:\/\/baysajans.com\/revmer\/?page_id=10708"},"modified":"2026-02-15T22:32:17","modified_gmt":"2026-02-15T19:32:17","slug":"our-services","status":"publish","type":"page","link":"https:\/\/www.revmer.eu\/en\/our-services\/","title":{"rendered":"Our Services"},"content":{"rendered":"<div class=\"wpb-content-wrapper\"><div class=\"vc_row wpb_row vc_row-fluid\"><div class=\"wpb_column vc_column_container vc_col-sm-12\"><div class=\"vc_column-inner\"><div class=\"wpb_wrapper\"><div class=\"vc_row wpb_row vc_inner vc_row-fluid vc_row-o-equal-height vc_row-o-content-top vc_row-flex wd-rs-6981be3e4dcd5\"><div class=\"wpb_column vc_column_container vc_col-sm-6\"><div class=\"vc_column-inner\"><div class=\"wpb_wrapper\">\t\t\t<div class=\"info-box-wrapper\">\n\t\t\t\t<div id=\"wd-69921ea98023e\" class=\"wd-animation wd-transform wd-animation-left-flip-y wd-animation-normal wd-rs-69921ea98023e wd-info-box wd-wpb text-center box-icon-align-top box-style-shadow color-scheme-dark wd-bg-none vc_custom_1771183796248\">\n\t\t\t\t\t\t\t\t\t\t<div class=\"info-box-content\">\n\t\t\t\t\t\t<h4 class=\"info-box-title title wd-font-weight-900 box-title-style-default wd-fontsize-xl\">TURBO REVISION<\/h4>\t\t\t\t\t\t<div class=\"info-box-inner reset-last-child\"><\/p>\n<p style=\"text-align: left;\">REVMER Turbo Overhaul Center offers turbo overhaul services based on remanufacturing principles, going beyond the traditional repair approach.<\/p>\n<p style=\"text-align: left;\">The entire process is carried out through measurement-focused quality control, precise tolerance restoration, root cause analysis, and performance testing.<\/p>\n<p style=\"text-align: left;\"><b>Technical Scope:<\/b><\/p>\n<ul style=\"text-align: left;\" type=\"disc\">\n<li>root cause analysis<\/li>\n<li>Precise measurement and tolerance control.<\/li>\n<li>Use of OEM compatible parts.<\/li>\n<li>High-speed balancing tests<\/li>\n<li>Simulations of real operating conditions<\/li>\n<li>Performance verification tests<\/li>\n<li>Quality documentation and reporting<\/li>\n<\/ul>\n<blockquote>\n<p><strong>Not a revision, but a complete re-production quality.<\/strong><\/p>\n<\/blockquote>\n<p>\n<\/div>\n\n\t\t\t\t\t\t\t\t\t\t\t<\/div>\n\n\t\t\t\t\t\t\t\t\t\t\t<a class=\"wd-info-box-link wd-fill\" aria-label=\"Infobox link\" href=\"#\" title=\"\"><\/a>\n\t\t\t\t\t\n\t\t\t\t\t<style><\/style>\t\t\t\t<\/div>\n\t\t\t<\/div>\n\t\t<\/div><\/div><\/div><div class=\"wpb_column vc_column_container vc_col-sm-6\"><div class=\"vc_column-inner\"><div class=\"wpb_wrapper\">\t\t\t<div class=\"info-box-wrapper\">\n\t\t\t\t<div id=\"wd-69921f32ebee5\" class=\"wd-animation wd-transform wd-animation-left-flip-y wd-animation-normal wd-rs-69921f32ebee5 wd-info-box wd-wpb text-center box-icon-align-top box-style-shadow color-scheme-dark wd-bg-none vc_custom_1771183932883\">\n\t\t\t\t\t\t\t\t\t\t<div class=\"info-box-content\">\n\t\t\t\t\t\t<h4 class=\"info-box-title title wd-font-weight-800 box-title-style-default wd-fontsize-xl\">VS 400 HIGH SPEED BALANCE<\/h4>\t\t\t\t\t\t<div class=\"info-box-inner reset-last-child\"><\/p>\n<p style=\"text-align: left;\">Turbocharger shaft assemblies are balanced in VSR 400 high-speed balancing test systems at speeds that simulate real operating conditions.<\/p>\n<p style=\"text-align: left;\"><b>Technical Scope:<\/b><\/p>\n<ul style=\"text-align: left;\" type=\"disc\">\n<li>Low speed pre-balancing<\/li>\n<li>Dynamic balancing processes<\/li>\n<li>VSR 400 testing machine<\/li>\n<li>300,000 rpm simulation<\/li>\n<li>High-speed vibration analysis<\/li>\n<li>ISO balance tolerance control<\/li>\n<li>Micro-balance adjustments<\/li>\n<li>Balance verification after thermal stabilization.<\/li>\n<\/ul>\n<blockquote>\n<p><strong>Professional balancing technology for high-speed safety, long lifespan, and stable performance.<\/strong><\/p>\n<\/blockquote>\n<p>\n<\/div>\n\n\t\t\t\t\t\t\t\t\t\t\t<\/div>\n\n\t\t\t\t\t\t\t\t\t\t\t<a class=\"wd-info-box-link wd-fill\" aria-label=\"Infobox link\" href=\"#\" title=\"\"><\/a>\n\t\t\t\t\t\n\t\t\t\t\t<style><\/style>\t\t\t\t<\/div>\n\t\t\t<\/div>\n\t\t<\/div><\/div><\/div><\/div><div class=\"vc_row wpb_row vc_inner vc_row-fluid vc_row-o-content-top vc_row-flex\"><div class=\"wpb_column vc_column_container vc_col-sm-6\"><div class=\"vc_column-inner\"><div class=\"wpb_wrapper\">\t\t\t<div class=\"info-box-wrapper\">\n\t\t\t\t<div id=\"wd-69921f222e859\" class=\"wd-animation wd-transform wd-animation-left-flip-y wd-animation-normal wd-rs-69921f222e859 wd-info-box wd-wpb text-center box-icon-align-top box-style-shadow color-scheme-dark wd-bg-none vc_custom_1771183917388\">\n\t\t\t\t\t\t\t\t\t\t<div class=\"info-box-content\">\n\t\t\t\t\t\t<h4 class=\"info-box-title title wd-font-weight-900 box-title-style-default wd-fontsize-xl\">ELECTRONIC &amp; GATE TESTING \u2013 CALIBRATION<\/h4>\t\t\t\t\t\t<div class=\"info-box-inner reset-last-child\"><\/p>\n<p style=\"text-align: left;\"><span data-olk-copy-source=\"MessageBody\">Electronically controlled turbo systems are adjusted to factory tolerances using professional testing and calibration equipment.<\/span><\/p>\n<p style=\"text-align: left;\"><b>Technical Scope:<\/b><\/p>\n<ul style=\"text-align: left;\" type=\"disc\">\n<li>Electronic actuator tests<\/li>\n<li>VGT (Variable Geometry Turbo) control<\/li>\n<li>Gate (wastegate) mechanism tests<\/li>\n<li>Position sensor calibration<\/li>\n<li>Vacuum and pressure simulation<\/li>\n<li>Electronic drive tests<\/li>\n<li>Adaptation and synchronization processes<\/li>\n<li>System compatibility tests<\/li>\n<\/ul>\n<blockquote>\n<p><strong>In electronic control systems, precision = performance + reliability.<\/strong><\/p>\n<\/blockquote>\n<p>\n<\/div>\n\n\t\t\t\t\t\t\t\t\t\t\t<\/div>\n\n\t\t\t\t\t\t\t\t\t\t\t<a class=\"wd-info-box-link wd-fill\" aria-label=\"Infobox link\" href=\"#\" title=\"\"><\/a>\n\t\t\t\t\t\n\t\t\t\t\t<style><\/style>\t\t\t\t<\/div>\n\t\t\t<\/div>\n\t\t<\/div><\/div><\/div><div class=\"wpb_column vc_column_container vc_col-sm-6\"><div class=\"vc_column-inner\"><div class=\"wpb_wrapper\">\t\t\t<div class=\"info-box-wrapper\">\n\t\t\t\t<div id=\"wd-69921f1498f70\" class=\"wd-animation wd-transform wd-animation-left-flip-y wd-animation-normal wd-rs-69921f1498f70 wd-info-box wd-wpb text-center box-icon-align-top box-style-shadow color-scheme-dark wd-bg-none vc_custom_1771183901537\">\n\t\t\t\t\t\t\t\t\t\t<div class=\"info-box-content\">\n\t\t\t\t\t\t<h4 class=\"info-box-title title wd-font-weight-900 box-title-style-default wd-fontsize-xl\">SANDBLASTING AND SURFACE TREATMENTS<\/h4>\t\t\t\t\t\t<div class=\"info-box-inner reset-last-child\"><\/p>\n<p style=\"text-align: left;\"><span data-olk-copy-source=\"MessageBody\">All surface treatments are performed according to industrial standards that do not damage the part.<\/span><\/p>\n<p style=\"text-align: left;\"><b>Technical Scope:<\/b><\/p>\n<ul style=\"text-align: left;\" type=\"disc\">\n<li>Micro-sandblasting that does not damage the part.<\/li>\n<li>Non-aggressive blasting technology<\/li>\n<li>Surface oxide removal<\/li>\n<li>Carbon cleaning processes<\/li>\n<li>Surface roughness control<\/li>\n<li>Surface preparation<\/li>\n<li>Surface treatments before coating<\/li>\n<li>Internal channel surface cleaning<\/li>\n<\/ul>\n<blockquote>\n<p><strong>Surface technology focused on engineering, not aesthetics.<\/strong><\/p>\n<\/blockquote>\n<p>\n<\/div>\n\n\t\t\t\t\t\t\t\t\t\t\t<\/div>\n\n\t\t\t\t\t\t\t\t\t\t\t<a class=\"wd-info-box-link wd-fill\" aria-label=\"Infobox link\" href=\"#\" title=\"\"><\/a>\n\t\t\t\t\t\n\t\t\t\t\t<style><\/style>\t\t\t\t<\/div>\n\t\t\t<\/div>\n\t\t<\/div><\/div><\/div><\/div><div class=\"vc_row wpb_row vc_inner vc_row-fluid vc_row-o-content-top vc_row-flex\"><div class=\"wpb_column vc_column_container vc_col-sm-6\"><div class=\"vc_column-inner\"><div class=\"wpb_wrapper\">\t\t\t<div class=\"info-box-wrapper\">\n\t\t\t\t<div id=\"wd-69921f07b9d7e\" class=\"wd-animation wd-transform wd-animation-left-flip-y wd-animation-normal wd-rs-69921f07b9d7e wd-info-box wd-wpb text-center box-icon-align-top box-style-shadow color-scheme-dark wd-bg-none vc_custom_1771183887979\">\n\t\t\t\t\t\t\t\t\t\t<div class=\"info-box-content\">\n\t\t\t\t\t\t<h4 class=\"info-box-title title wd-font-weight-900 box-title-style-default wd-fontsize-xl\">R&amp;D and ENGINEERING<\/h4>\t\t\t\t\t\t<div class=\"info-box-inner reset-last-child\"><\/p>\n<p style=\"text-align: left;\">REVMER offers not only revision services, but also engineering-based solution development.<\/p>\n<p style=\"text-align: left;\"><b>Technical Scope:<\/b><\/p>\n<ul style=\"text-align: left;\" type=\"disc\">\n<li>Failure root cause modeling<\/li>\n<li>Performance analysis<\/li>\n<li>System optimization studies<\/li>\n<li>Turbo configuration development<\/li>\n<li>Custom application solutions<\/li>\n<li>Test scenario design<\/li>\n<li>Prototype system development<\/li>\n<li>Technical validation processes<\/li>\n<\/ul>\n<blockquote>\n<p><strong>This is an engineering approach, not a repair approach.<\/strong><\/p>\n<\/blockquote>\n<p>\n<\/div>\n\n\t\t\t\t\t\t\t\t\t\t\t<\/div>\n\n\t\t\t\t\t\t\t\t\t\t\t<a class=\"wd-info-box-link wd-fill\" aria-label=\"Infobox link\" href=\"#\" title=\"\"><\/a>\n\t\t\t\t\t\n\t\t\t\t\t<style><\/style>\t\t\t\t<\/div>\n\t\t\t<\/div>\n\t\t<\/div><\/div><\/div><div class=\"wpb_column vc_column_container vc_col-sm-6\"><div class=\"vc_column-inner\"><div class=\"wpb_wrapper\">\t\t\t<div class=\"info-box-wrapper\">\n\t\t\t\t<div id=\"wd-69921eef9163f\" class=\"wd-animation wd-transform wd-animation-left-flip-y wd-animation-normal wd-rs-69921eef9163f wd-info-box wd-wpb text-center box-icon-align-top box-style-shadow color-scheme-dark wd-bg-none vc_custom_1771183875017\">\n\t\t\t\t\t\t\t\t\t\t<div class=\"info-box-content\">\n\t\t\t\t\t\t<h4 class=\"info-box-title title wd-font-weight-900 box-title-style-default wd-fontsize-xl\">WORKING CONDITION TEST<\/h4>\t\t\t\t\t\t<div class=\"info-box-inner reset-last-child\"><\/p>\n<p style=\"text-align: left;\">Turbo systems are tested not only with desktop tests, but also on systems that simulate real-world operating conditions.<\/p>\n<p style=\"text-align: left;\"><b>Technical Scope:<\/b><\/p>\n<ul style=\"text-align: left;\" type=\"disc\">\n<li>Complete dynamometer tests<\/li>\n<li>Real load simulation<\/li>\n<li>Pressure and flow rate tests<\/li>\n<li>Thermal load simulation<\/li>\n<li>Lubrication system simulation<\/li>\n<li>Rotation stability tests<\/li>\n<li>Performance curve validation<\/li>\n<li>System compatibility tests<\/li>\n<li>Long-term stability tests<\/li>\n<\/ul>\n<blockquote>\n<p><strong>Not a lab test, but verification under real-world working conditions.<\/strong><\/p>\n<\/blockquote>\n<p>\n<\/div>\n\n\t\t\t\t\t\t\t\t\t\t\t<\/div>\n\n\t\t\t\t\t\t\t\t\t\t\t<a class=\"wd-info-box-link wd-fill\" aria-label=\"Infobox link\" href=\"#\" title=\"\"><\/a>\n\t\t\t\t\t\n\t\t\t\t\t<style><\/style>\t\t\t\t<\/div>\n\t\t\t<\/div>\n\t\t<\/div><\/div><\/div><\/div><\/div><\/div><\/div><\/div>\n<\/div>","protected":false},"excerpt":{"rendered":"TURBO REV\u0130ZYONU REVMER Turbo Revizyon Merkezi, klasik onar\u0131m anlay\u0131\u015f\u0131n\u0131n \u00f6tesinde,\u00a0remanufacturing (yeniden \u00fcretim)prensipleriyle turbo revizyon hizmeti sunar. T\u00fcm s\u00fcre\u00e7; \u00f6l\u00e7\u00fcm odakl\u0131","protected":false},"author":1,"featured_media":0,"parent":0,"menu_order":0,"comment_status":"closed","ping_status":"closed","template":"","meta":{"footnotes":""},"class_list":["post-10708","page","type-page","status-publish","hentry"],"_links":{"self":[{"href":"https:\/\/www.revmer.eu\/en\/wp-json\/wp\/v2\/pages\/10708","targetHints":{"allow":["GET"]}}],"collection":[{"href":"https:\/\/www.revmer.eu\/en\/wp-json\/wp\/v2\/pages"}],"about":[{"href":"https:\/\/www.revmer.eu\/en\/wp-json\/wp\/v2\/types\/page"}],"author":[{"embeddable":true,"href":"https:\/\/www.revmer.eu\/en\/wp-json\/wp\/v2\/users\/1"}],"replies":[{"embeddable":true,"href":"https:\/\/www.revmer.eu\/en\/wp-json\/wp\/v2\/comments?post=10708"}],"version-history":[{"count":12,"href":"https:\/\/www.revmer.eu\/en\/wp-json\/wp\/v2\/pages\/10708\/revisions"}],"predecessor-version":[{"id":10752,"href":"https:\/\/www.revmer.eu\/en\/wp-json\/wp\/v2\/pages\/10708\/revisions\/10752"}],"wp:attachment":[{"href":"https:\/\/www.revmer.eu\/en\/wp-json\/wp\/v2\/media?parent=10708"}],"curies":[{"name":"wp","href":"https:\/\/api.w.org\/{rel}","templated":true}]}}