{"id":5212,"date":"2021-08-25T07:26:28","date_gmt":"2021-08-25T07:26:28","guid":{"rendered":"http:\/\/dummy.xtemos.com\/woodmart2\/?page_id=5212"},"modified":"2026-02-04T22:11:58","modified_gmt":"2026-02-04T19:11:58","slug":"about","status":"publish","type":"page","link":"https:\/\/www.revmer.eu\/en\/about\/","title":{"rendered":"About Us"},"content":{"rendered":"<div class=\"wpb-content-wrapper\"><div class=\"vc_row wpb_row vc_row-fluid vc_custom_1770232187313 row-reverse-mobile row-reverse-tablet wd-rs-69839931517b3\"><div class=\"wpb_column vc_column_container vc_col-sm-12 vc_col-lg-6 vc_col-md-6 wd-rs-6125f30edad72\"><div class=\"vc_column-inner vc_custom_1629877010833\"><div class=\"wpb_wrapper\">\t\t<div id=\"wd-698397b44f9bb\" class=\"wd-image wd-wpb wd-rs-698397b44f9bb text-left vc_custom_1770231785932\">\n\t\t\t\n\t\t\t<img loading=\"lazy\" decoding=\"async\" width=\"1262\" height=\"692\" src=\"https:\/\/www.revmer.eu\/wp-content\/uploads\/2026\/02\/revmer_hakkimizda.jpeg\" class=\"attachment-full size-full\" alt=\"\" srcset=\"https:\/\/www.revmer.eu\/wp-content\/uploads\/2026\/02\/revmer_hakkimizda.jpeg 1262w, https:\/\/www.revmer.eu\/wp-content\/uploads\/2026\/02\/revmer_hakkimizda-400x219.jpeg 400w, https:\/\/www.revmer.eu\/wp-content\/uploads\/2026\/02\/revmer_hakkimizda-768x421.jpeg 768w, https:\/\/www.revmer.eu\/wp-content\/uploads\/2026\/02\/revmer_hakkimizda-430x236.jpeg 430w, https:\/\/www.revmer.eu\/wp-content\/uploads\/2026\/02\/revmer_hakkimizda-700x384.jpeg 700w, https:\/\/www.revmer.eu\/wp-content\/uploads\/2026\/02\/revmer_hakkimizda-150x82.jpeg 150w\" sizes=\"auto, (max-width: 1262px) 100vw, 1262px\" \/>\n\t\t\t\t\t<\/div>\n\t\t<\/div><\/div><\/div><div class=\"wpb_column vc_column_container vc_col-sm-12 vc_col-lg-6 vc_col-md-6 vc_col-xs-12 wd-rs-696d337c444eb\"><div class=\"vc_column-inner vc_custom_1768764290716\"><div class=\"wpb_wrapper\">\t\t<div id=\"wd-698399d952bc0\" class=\"wd-text-block wd-wpb reset-last-child wd-rs-698399d952bc0 text-left wd-fontsize-custom vc_custom_1770232311590\">\n\t\t\t<p class=\"translation-block\"><strong>Revmer<\/strong> is a brand that started in Turkey in the field of turbocharger overhaul and repair, and has built itself over the years on <strong>expertise, trust and quality<\/strong>. Since its establishment, it has been offering professional solutions for turbo systems in a wide range of vehicles, from passenger cars to commercial vehicles and heavy vehicles.<\/p>\n<p class=\"translation-block\">Our main headquarters in Turkey, with its technical infrastructure, experienced staff, and high quality standards, forms the <strong>knowledge and engineering approach<\/strong> of the Revmer brand. The revision processes, testing procedures, and quality criteria developed here are applied as <strong>reference standards<\/strong> in all branches of our brand.<\/p>\n<p class=\"translation-block\">Established as a continuation of this strong infrastructure, <strong>Revmer Europe \u2013 Sofia Branch<\/strong> has commenced operations to provide faster, more efficient, and on-site service to the European market. Our Sofia facility combines the experience and quality standards of the Revmer headquarters in Turkey with <strong>European remanufacturing standards and modern testing technologies<\/strong>.<\/p>\n\t\t<\/div>\n\t\t<\/div><\/div><\/div><div class=\"wpb_column vc_column_container vc_col-sm-12\"><div class=\"vc_column-inner\"><div class=\"wpb_wrapper\">\t\t<div id=\"wd-698399de90509\" class=\"wd-text-block wd-wpb reset-last-child wd-rs-698399de90509 text-left wd-fontsize-custom vc_custom_1770232297373\">\n\t\t\t<p class=\"translation-block\">All turbo overhaul processes carried out within Revmer undergo:<br>\n\ncomplete disassembly, part-by-part measurement, use of OEM equivalent parts, high-speed balancing, and multi-stage quality control processes. <strong>Each turbo unit is tested, documented, and delivered to our customers under warranty.<\/strong><\/p>\n<p class=\"translation-block\">Our goal at Revmer is not just to repair turbos, but to create sustainable value for our customers by offering<br>\n\n<strong>long-lasting, reliable and high-performance turbo solutions<\/strong>.<\/p>\n\t\t<\/div>\n\t\t<\/div><\/div><\/div><\/div><div class=\"vc_row wpb_row vc_row-fluid\"><div class=\"wpb_column vc_column_container vc_col-sm-6\"><div class=\"vc_column-inner\"><div class=\"wpb_wrapper\">\n\t\t<div id=\"wd-696d3a2507c66\" class=\"title-wrapper wd-wpb wd-set-mb reset-last-child  wd-rs-696d3a2507c66 wd-title-color-default wd-title-style-simple text-left  wd-underline-colored\">\n\t\t\t\n\t\t\t<div class=\"liner-continer\">\n\t\t\t\t<h4 class=\"woodmart-title-container title  wd-font-weight- wd-fontsize-l\" >Our Mission<\/h4>\n\t\t\t\t\t\t\t<\/div>\n\t\t\t\n\t\t\t\n\t\t\t\n\t\t<\/div>\n\t\t\n\t\t\t\t<div id=\"wd-696d3a32ce560\" class=\"wd-text-block wd-wpb reset-last-child wd-rs-696d3a32ce560 text-left wd-fontsize-custom vc_custom_1768766012196\">\n\t\t\t<p class=\"translation-block\">By offering our customers <strong>long-lasting, reliable and high-performance turbo solutions<\/strong>, we aim to increase the efficiency and driving comfort of their vehicles.<\/p>\n\t\t<\/div>\n\t\t<\/div><\/div><\/div><div class=\"wpb_column vc_column_container vc_col-sm-6\"><div class=\"vc_column-inner\"><div class=\"wpb_wrapper\">\n\t\t<div id=\"wd-696d3a3f358bd\" class=\"title-wrapper wd-wpb wd-set-mb reset-last-child  wd-rs-696d3a3f358bd wd-title-color-default wd-title-style-simple text-left  wd-underline-colored\">\n\t\t\t\n\t\t\t<div class=\"liner-continer\">\n\t\t\t\t<h4 class=\"woodmart-title-container title  wd-font-weight- wd-fontsize-l\" >Vizyonumuz<\/h4>\n\t\t\t\t\t\t\t<\/div>\n\t\t\t\n\t\t\t\n\t\t\t\n\t\t<\/div>\n\t\t\n\t\t\t\t<div id=\"wd-696d3a53474cf\" class=\"wd-text-block wd-wpb reset-last-child wd-rs-696d3a53474cf text-left wd-fontsize-custom vc_custom_1768766040330\">\n\t\t\t<p class=\"translation-block\">To be the <strong>leading and preferred brand<\/strong> in turbocharger overhaul in the Balkans and Europe; to create a continuously developing service network that closely follows technology.<\/p>\n\t\t<\/div>\n\t\t<\/div><\/div><\/div><\/div>\n<\/div>","protected":false},"excerpt":{"rendered":"Revmer, turbo\u015farj revizyonu ve onar\u0131m\u0131 alan\u0131nda T\u00fcrkiye\u2019de ba\u015flayan ve y\u0131llar i\u00e7inde uzmanl\u0131k, g\u00fcven ve kalite \u00fczerine in\u015fa edilmi\u015f bir markad\u0131r.","protected":false},"author":1,"featured_media":0,"parent":0,"menu_order":0,"comment_status":"closed","ping_status":"closed","template":"","meta":{"footnotes":""},"class_list":["post-5212","page","type-page","status-publish","hentry"],"_links":{"self":[{"href":"https:\/\/www.revmer.eu\/en\/wp-json\/wp\/v2\/pages\/5212","targetHints":{"allow":["GET"]}}],"collection":[{"href":"https:\/\/www.revmer.eu\/en\/wp-json\/wp\/v2\/pages"}],"about":[{"href":"https:\/\/www.revmer.eu\/en\/wp-json\/wp\/v2\/types\/page"}],"author":[{"embeddable":true,"href":"https:\/\/www.revmer.eu\/en\/wp-json\/wp\/v2\/users\/1"}],"replies":[{"embeddable":true,"href":"https:\/\/www.revmer.eu\/en\/wp-json\/wp\/v2\/comments?post=5212"}],"version-history":[{"count":22,"href":"https:\/\/www.revmer.eu\/en\/wp-json\/wp\/v2\/pages\/5212\/revisions"}],"predecessor-version":[{"id":10735,"href":"https:\/\/www.revmer.eu\/en\/wp-json\/wp\/v2\/pages\/5212\/revisions\/10735"}],"wp:attachment":[{"href":"https:\/\/www.revmer.eu\/en\/wp-json\/wp\/v2\/media?parent=5212"}],"curies":[{"name":"wp","href":"https:\/\/api.w.org\/{rel}","templated":true}]}}